{"id":1043,"date":"2022-05-09T11:31:26","date_gmt":"2022-05-09T09:31:26","guid":{"rendered":"http:\/\/tansania.rbz-steinburg.de\/?page_id=1043"},"modified":"2022-05-09T11:47:07","modified_gmt":"2022-05-09T09:47:07","slug":"erklaervideos-bne-seminar-2022","status":"publish","type":"page","link":"https:\/\/tansania.rbz-steinburg.de\/?page_id=1043","title":{"rendered":"Erkl\u00e4rvideos BNE Seminar 2022"},"content":{"rendered":"\n<p>Auf dem dreit\u00e4gigen BNE-Seminar 2022 in G\u00fcby wurden vier Erkl\u00e4rvideos und ein Interview erstellt. Die Erkl\u00e4rvideos thematisieren die t\u00e4glichen Herausforderungen der Menschen in Tansania und erkl\u00e4ren diese in anschaulicher Weise. Unsere Interviewpartnerin Zawadi, eine Lehrerin aus Tansania, hat uns auf dem Seminar begleitet und dazu beigetragen, dass Informationen aus erster Hand mit einflie\u00dfen. Das Seminar konnte durch die Unterst\u00fctzung der Sparkasse Westholstein im Zuge unseres Preises bei &#8222;Gut f\u00fcr Schulen&#8220; umgesetzt werden. So war es m\u00f6glich mit Hilfe von professioneller Hard- und Software zu arbeiten. Im Folgenden sind die produzierten Videos zu sehen. Wir w\u00fcnschen viel Spa\u00df beim anschauen. <\/p>\n\n\n\n<h2 class=\"wp-block-heading\" id=\"interview-mit-zawadi\">Interview mit Zawadi<\/h2>\n\n\n\n<figure class=\"wp-block-embed is-type-video is-provider-youtube wp-block-embed-youtube wp-embed-aspect-16-9 wp-has-aspect-ratio\"><div class=\"wp-block-embed__wrapper\">\n<iframe loading=\"lazy\" title=\"Tansania - Zukunft durch Sonne - Interview mit Zawadi - Leben in Tansania\" width=\"474\" height=\"267\" src=\"https:\/\/www.youtube.com\/embed\/GiQ6vcVqEHg?feature=oembed\" frameborder=\"0\" allow=\"accelerometer; autoplay; clipboard-write; encrypted-media; gyroscope; picture-in-picture; web-share\" referrerpolicy=\"strict-origin-when-cross-origin\" allowfullscreen><\/iframe>\n<\/div><\/figure>\n\n\n\n<h2 class=\"wp-block-heading\" id=\"klimawandel-in-tansania\">Klimawandel in Tansania<\/h2>\n\n\n\n<figure class=\"wp-block-embed is-type-video is-provider-youtube wp-block-embed-youtube wp-embed-aspect-16-9 wp-has-aspect-ratio\"><div class=\"wp-block-embed__wrapper\">\n<iframe loading=\"lazy\" title=\"Klimawandel in Tansania - Tansania - Zukunft durch Sonne e.V.\" width=\"474\" height=\"267\" src=\"https:\/\/www.youtube.com\/embed\/nILwPNMbkkQ?feature=oembed\" frameborder=\"0\" allow=\"accelerometer; autoplay; clipboard-write; encrypted-media; gyroscope; picture-in-picture; web-share\" referrerpolicy=\"strict-origin-when-cross-origin\" allowfullscreen><\/iframe>\n<\/div><\/figure>\n\n\n\n<h2 class=\"wp-block-heading\" id=\"hunger-und-armut-in-tansania\">Hunger und Armut in Tansania<\/h2>\n\n\n\n<figure class=\"wp-block-embed is-type-video is-provider-youtube wp-block-embed-youtube wp-embed-aspect-16-9 wp-has-aspect-ratio\"><div class=\"wp-block-embed__wrapper\">\n<iframe loading=\"lazy\" title=\"Hunger und Armut - Tansania - Zukunft durch Sonne e.V.\" width=\"474\" height=\"267\" src=\"https:\/\/www.youtube.com\/embed\/OoMpqoL6PNk?feature=oembed\" frameborder=\"0\" allow=\"accelerometer; autoplay; clipboard-write; encrypted-media; gyroscope; picture-in-picture; web-share\" referrerpolicy=\"strict-origin-when-cross-origin\" allowfullscreen><\/iframe>\n<\/div><\/figure>\n\n\n\n<p><\/p>\n\n\n\n<h2 class=\"wp-block-heading\" id=\"das-wirtschaftssystem-in-tansania\">Das Wirtschaftssystem in Tansania<\/h2>\n\n\n\n<figure class=\"wp-block-embed is-type-video is-provider-youtube wp-block-embed-youtube wp-embed-aspect-16-9 wp-has-aspect-ratio\"><div class=\"wp-block-embed__wrapper\">\n<iframe loading=\"lazy\" title=\"Das Wirtschaftssystem in Tansania - Tansania - Zukunft durch Sonne e.V.\" width=\"474\" height=\"267\" src=\"https:\/\/www.youtube.com\/embed\/zfze0Is1qMM?feature=oembed\" frameborder=\"0\" allow=\"accelerometer; autoplay; clipboard-write; encrypted-media; gyroscope; picture-in-picture; web-share\" referrerpolicy=\"strict-origin-when-cross-origin\" allowfullscreen><\/iframe>\n<\/div><\/figure>\n\n\n\n<h2 class=\"wp-block-heading\" id=\"das-bildungssystem-in-tansania\">Das Bildungssystem in Tansania<\/h2>\n\n\n\n<figure class=\"wp-block-embed is-type-video is-provider-youtube wp-block-embed-youtube wp-embed-aspect-16-9 wp-has-aspect-ratio\"><div class=\"wp-block-embed__wrapper\">\n<iframe loading=\"lazy\" title=\"Das Bildungssystem in Tansania - Zukunft durch Sonne e.V.\" width=\"474\" height=\"267\" src=\"https:\/\/www.youtube.com\/embed\/FJY3eKN-bQ0?feature=oembed\" frameborder=\"0\" allow=\"accelerometer; autoplay; clipboard-write; encrypted-media; gyroscope; picture-in-picture; web-share\" referrerpolicy=\"strict-origin-when-cross-origin\" allowfullscreen><\/iframe>\n<\/div><\/figure>\n","protected":false},"excerpt":{"rendered":"<p>Auf dem dreit\u00e4gigen BNE-Seminar 2022 in G\u00fcby wurden vier Erkl\u00e4rvideos und ein Interview erstellt. Die Erkl\u00e4rvideos thematisieren die t\u00e4glichen Herausforderungen der Menschen in Tansania und erkl\u00e4ren diese in anschaulicher Weise. Unsere Interviewpartnerin Zawadi, eine Lehrerin aus Tansania, hat uns auf dem Seminar begleitet und dazu beigetragen, dass Informationen aus erster Hand mit einflie\u00dfen. Das Seminar &hellip; <a href=\"https:\/\/tansania.rbz-steinburg.de\/?page_id=1043\" class=\"more-link\"><span class=\"screen-reader-text\">Erkl\u00e4rvideos BNE Seminar 2022<\/span> weiterlesen <span class=\"meta-nav\">&rarr;<\/span><\/a><\/p>\n","protected":false},"author":2,"featured_media":0,"parent":0,"menu_order":0,"comment_status":"closed","ping_status":"closed","template":"","meta":{"footnotes":""},"class_list":["post-1043","page","type-page","status-publish","hentry"],"_links":{"self":[{"href":"https:\/\/tansania.rbz-steinburg.de\/index.php?rest_route=\/wp\/v2\/pages\/1043","targetHints":{"allow":["GET"]}}],"collection":[{"href":"https:\/\/tansania.rbz-steinburg.de\/index.php?rest_route=\/wp\/v2\/pages"}],"about":[{"href":"https:\/\/tansania.rbz-steinburg.de\/index.php?rest_route=\/wp\/v2\/types\/page"}],"author":[{"embeddable":true,"href":"https:\/\/tansania.rbz-steinburg.de\/index.php?rest_route=\/wp\/v2\/users\/2"}],"replies":[{"embeddable":true,"href":"https:\/\/tansania.rbz-steinburg.de\/index.php?rest_route=%2Fwp%2Fv2%2Fcomments&post=1043"}],"version-history":[{"count":5,"href":"https:\/\/tansania.rbz-steinburg.de\/index.php?rest_route=\/wp\/v2\/pages\/1043\/revisions"}],"predecessor-version":[{"id":1060,"href":"https:\/\/tansania.rbz-steinburg.de\/index.php?rest_route=\/wp\/v2\/pages\/1043\/revisions\/1060"}],"wp:attachment":[{"href":"https:\/\/tansania.rbz-steinburg.de\/index.php?rest_route=%2Fwp%2Fv2%2Fmedia&parent=1043"}],"curies":[{"name":"wp","href":"https:\/\/api.w.org\/{rel}","templated":true}]}}