{"id":107,"date":"2017-06-05T18:50:35","date_gmt":"2017-06-05T16:50:35","guid":{"rendered":"http:\/\/tansaneua.rbz-steinburg.de\/?page_id=107"},"modified":"2017-06-06T02:55:49","modified_gmt":"2017-06-06T00:55:49","slug":"zisterne-2014","status":"publish","type":"page","link":"https:\/\/tansania.rbz-steinburg.de\/?page_id=107","title":{"rendered":"Zisterne 2014"},"content":{"rendered":"<div id='gallery-1' class='gallery galleryid-107 gallery-columns-3 gallery-size-thumbnail'><figure class='gallery-item'>\n\t\t\t<div class='gallery-icon landscape'>\n\t\t\t\t<a href='https:\/\/tansania.rbz-steinburg.de\/?attachment_id=191'><img loading=\"lazy\" decoding=\"async\" width=\"150\" height=\"150\" src=\"https:\/\/tansania.rbz-steinburg.de\/wp-content\/uploads\/2017\/06\/Bilderauswahl-TZ-2014-416-150x150.jpg\" class=\"attachment-thumbnail size-thumbnail\" alt=\"\" \/><\/a>\n\t\t\t<\/div><\/figure><figure class='gallery-item'>\n\t\t\t<div class='gallery-icon landscape'>\n\t\t\t\t<a href='https:\/\/tansania.rbz-steinburg.de\/?attachment_id=190'><img loading=\"lazy\" decoding=\"async\" width=\"150\" height=\"150\" src=\"https:\/\/tansania.rbz-steinburg.de\/wp-content\/uploads\/2017\/06\/Bilderauswahl-TZ-2014-248-150x150.jpg\" class=\"attachment-thumbnail size-thumbnail\" alt=\"\" \/><\/a>\n\t\t\t<\/div><\/figure><figure class='gallery-item'>\n\t\t\t<div class='gallery-icon landscape'>\n\t\t\t\t<a href='https:\/\/tansania.rbz-steinburg.de\/?attachment_id=189'><img loading=\"lazy\" decoding=\"async\" width=\"150\" height=\"150\" src=\"https:\/\/tansania.rbz-steinburg.de\/wp-content\/uploads\/2017\/06\/Bilderauswahl-TZ-2014-234-150x150.jpg\" class=\"attachment-thumbnail size-thumbnail\" alt=\"\" \/><\/a>\n\t\t\t<\/div><\/figure><figure class='gallery-item'>\n\t\t\t<div class='gallery-icon landscape'>\n\t\t\t\t<a href='https:\/\/tansania.rbz-steinburg.de\/?attachment_id=188'><img loading=\"lazy\" decoding=\"async\" width=\"150\" height=\"150\" src=\"https:\/\/tansania.rbz-steinburg.de\/wp-content\/uploads\/2017\/06\/Bilderauswahl-TZ-2014-169-150x150.jpg\" class=\"attachment-thumbnail size-thumbnail\" alt=\"\" \/><\/a>\n\t\t\t<\/div><\/figure><figure class='gallery-item'>\n\t\t\t<div class='gallery-icon landscape'>\n\t\t\t\t<a href='https:\/\/tansania.rbz-steinburg.de\/?attachment_id=187'><img loading=\"lazy\" decoding=\"async\" width=\"150\" height=\"150\" src=\"https:\/\/tansania.rbz-steinburg.de\/wp-content\/uploads\/2017\/06\/Bilderauswahl-TZ-2014-45-150x150.jpg\" class=\"attachment-thumbnail size-thumbnail\" alt=\"\" \/><\/a>\n\t\t\t<\/div><\/figure><figure class='gallery-item'>\n\t\t\t<div class='gallery-icon landscape'>\n\t\t\t\t<a href='https:\/\/tansania.rbz-steinburg.de\/?attachment_id=186'><img loading=\"lazy\" decoding=\"async\" width=\"150\" height=\"150\" src=\"https:\/\/tansania.rbz-steinburg.de\/wp-content\/uploads\/2017\/06\/53.-150x150.jpg\" class=\"attachment-thumbnail size-thumbnail\" alt=\"\" \/><\/a>\n\t\t\t<\/div><\/figure>\n\t\t<\/div>\n\n<p>Nachdem unser Photovoltaikprojekt realisiert war, tauschten sich alle Beteiligten \u00fcber ihre Erfahrungen und Eindr\u00fccke aus. Die Sch\u00fcler erkannten schon bei der Projektplanung, dass ein gro\u00dfer Unterschied zwischen schulischem Lernen und Umsetzen von Gelerntem besteht. Bei der Nachbereitung sprachen alle die unzureichende Trinkwasserversorgung in Mrimbo an. Es gab Zeiten, da kam kein Wasser aus dem Hahn &#8211; und wenn doch, konnte man es aufgrund der Verschmutzung ohne langes Abkochen nicht trinken. Ein Restrisiko bleibt jedoch und so f\u00fchrt die Verwendung dieses Wassers oftmals zu ernsthaften Erkrankungen der Menschen dort. Alle waren sich einig, dass der mangelnde Zugang zu sauberem Trinkwasser wohl dass gr\u00f6\u00dfte Problem sei. So entschloss sich der Verein hier mit einem neuen Projekt anzusetzen. Dieses Mal liegt der Schwerpunkt im Bereich der Versorgungstechnik und Bauphysik vor dem Hintergrund der Gesundheit der Menschen vor Ort.<\/p>\n<p>Es soll eine Trinkwasserstelle geschaffen werden, die eine Kapazit\u00e4t von minimal 1000l pro Tag aufweist. Bei einem Bedarf von etwa 2l pro Person wird die Versorgung von ca. 500 Menschen mit Trinkwasser gew\u00e4hrleistet werden. Es k\u00f6nnen anschlie\u00dfend zus\u00e4tzlich zu den Sch\u00fclern der Schule, die zuk\u00fcnftig auch einen Internatsbetrieb anbietet, auch Anwohner mit Trinkwasser versorgt werden. Geplant ist die Installation einer Anlage, die einerseits bis zu 75.000l Regenwasser speichern kann, andererseits das Regenwasser in Trinkwasser verwandeln kann. Zus\u00e4tzlich soll eine Bevorratung von Trinkwasser erm\u00f6glicht werden. Der Umsetzungszeitpunkt ist auf Anfang 2014 (23.1. bis 7.2.14) datiert und soll durch eine Gruppe unseres Vereins zusammen mit Sch\u00fclern des KEC (KIUMAKO Educational Centre) in Tansania ausgef\u00fchrt werden. Geplant ist die Montage von Sammeleinrichtungen, Leitungen und Filtereinrichtungen f\u00fcr Regenwasser. Ebenso der Bau von Zisternen und Reservoirs. Hinzu kommen noch die Montage der Wasseraufbereitungsanlage und Entnahmevorrichtungen. Schulungen zur Betreuung, Wartung und Reparatur, durch Personen vor Ort, werden ebenfalls durchgef\u00fchrt.<\/p>\n<p>Die beteiligten Sch\u00fcler und Mitglieder werden also mit Aufgabenstellungen in der Statik, Bautechnik, Sanit\u00e4rinstallationstechnik und Klempnerei konfrontiert. Es wird sich mit neuen Technologien auseinander gesetzt werden m\u00fcssen. Weiter werden Berechnungen f\u00fcr die Auslegung und wirtschaftliche Planungen der Realisierung gemacht. Zeitgleich kommen noch T\u00e4tigkeiten in der \u00d6ffentlichkeitsarbeit, Planung von Spendenaktionen und Sponsorensuche hinzu. Schulungskonzepte f\u00fcr die Betreiber vor Ort m\u00fcssen ebenfalls erarbeitet werden. Aus den Erfahrungen des letzten Projektes gilt unser Augenmerk der Suche nach technischen L\u00f6sungen, die nicht zu komplex sein d\u00fcrfen. Deutsches Hightech und Lowtech vor Ort vertragen sich selten und L\u00f6sungen bereiten erst einmal Probleme. Um die Wirtschaft vor Ort zu unterst\u00fctzen, gilt es besonders, so viel wie m\u00f6glich des ben\u00f6tigten Materials vor Ort zu beschaffen.<\/p>\n","protected":false},"excerpt":{"rendered":"<p>Nachdem unser Photovoltaikprojekt realisiert war, tauschten sich alle Beteiligten \u00fcber ihre Erfahrungen und Eindr\u00fccke aus. Die Sch\u00fcler erkannten schon bei der Projektplanung, dass ein gro\u00dfer Unterschied zwischen schulischem Lernen und Umsetzen von Gelerntem besteht. Bei der Nachbereitung sprachen alle die unzureichende Trinkwasserversorgung in Mrimbo an. Es gab Zeiten, da kam kein Wasser aus dem Hahn &hellip; <a href=\"https:\/\/tansania.rbz-steinburg.de\/?page_id=107\" class=\"more-link\"><span class=\"screen-reader-text\">Zisterne 2014<\/span> weiterlesen <span class=\"meta-nav\">&rarr;<\/span><\/a><\/p>\n","protected":false},"author":1,"featured_media":0,"parent":14,"menu_order":0,"comment_status":"closed","ping_status":"closed","template":"","meta":{"footnotes":""},"class_list":["post-107","page","type-page","status-publish","hentry"],"_links":{"self":[{"href":"https:\/\/tansania.rbz-steinburg.de\/index.php?rest_route=\/wp\/v2\/pages\/107","targetHints":{"allow":["GET"]}}],"collection":[{"href":"https:\/\/tansania.rbz-steinburg.de\/index.php?rest_route=\/wp\/v2\/pages"}],"about":[{"href":"https:\/\/tansania.rbz-steinburg.de\/index.php?rest_route=\/wp\/v2\/types\/page"}],"author":[{"embeddable":true,"href":"https:\/\/tansania.rbz-steinburg.de\/index.php?rest_route=\/wp\/v2\/users\/1"}],"replies":[{"embeddable":true,"href":"https:\/\/tansania.rbz-steinburg.de\/index.php?rest_route=%2Fwp%2Fv2%2Fcomments&post=107"}],"version-history":[{"count":3,"href":"https:\/\/tansania.rbz-steinburg.de\/index.php?rest_route=\/wp\/v2\/pages\/107\/revisions"}],"predecessor-version":[{"id":192,"href":"https:\/\/tansania.rbz-steinburg.de\/index.php?rest_route=\/wp\/v2\/pages\/107\/revisions\/192"}],"up":[{"embeddable":true,"href":"https:\/\/tansania.rbz-steinburg.de\/index.php?rest_route=\/wp\/v2\/pages\/14"}],"wp:attachment":[{"href":"https:\/\/tansania.rbz-steinburg.de\/index.php?rest_route=%2Fwp%2Fv2%2Fmedia&parent=107"}],"curies":[{"name":"wp","href":"https:\/\/api.w.org\/{rel}","templated":true}]}}