{"id":111,"date":"2017-06-05T18:55:53","date_gmt":"2017-06-05T16:55:53","guid":{"rendered":"http:\/\/tansaneua.rbz-steinburg.de\/?page_id=111"},"modified":"2017-06-06T10:11:18","modified_gmt":"2017-06-06T08:11:18","slug":"photovoltaikanlage-2012","status":"publish","type":"page","link":"https:\/\/tansania.rbz-steinburg.de\/?page_id=111","title":{"rendered":"Photovoltaikanlage 2012"},"content":{"rendered":"<div id='gallery-1' class='gallery galleryid-111 gallery-columns-3 gallery-size-thumbnail'><figure class='gallery-item'>\n\t\t\t<div class='gallery-icon landscape'>\n\t\t\t\t<a href='https:\/\/tansania.rbz-steinburg.de\/?attachment_id=195'><img loading=\"lazy\" decoding=\"async\" width=\"150\" height=\"150\" src=\"https:\/\/tansania.rbz-steinburg.de\/wp-content\/uploads\/2017\/06\/Bilder-Afrika-2012-023-150x150.jpg\" class=\"attachment-thumbnail size-thumbnail\" alt=\"\" \/><\/a>\n\t\t\t<\/div><\/figure><figure class='gallery-item'>\n\t\t\t<div class='gallery-icon landscape'>\n\t\t\t\t<a href='https:\/\/tansania.rbz-steinburg.de\/?attachment_id=196'><img loading=\"lazy\" decoding=\"async\" width=\"150\" height=\"150\" src=\"https:\/\/tansania.rbz-steinburg.de\/wp-content\/uploads\/2017\/06\/dsc_0055-150x150.jpg\" class=\"attachment-thumbnail size-thumbnail\" alt=\"\" \/><\/a>\n\t\t\t<\/div><\/figure><figure class='gallery-item'>\n\t\t\t<div class='gallery-icon landscape'>\n\t\t\t\t<a href='https:\/\/tansania.rbz-steinburg.de\/?attachment_id=197'><img loading=\"lazy\" decoding=\"async\" width=\"150\" height=\"150\" src=\"https:\/\/tansania.rbz-steinburg.de\/wp-content\/uploads\/2017\/06\/dsc_0179-150x150.jpg\" class=\"attachment-thumbnail size-thumbnail\" alt=\"\" \/><\/a>\n\t\t\t<\/div><\/figure><figure class='gallery-item'>\n\t\t\t<div class='gallery-icon landscape'>\n\t\t\t\t<a href='https:\/\/tansania.rbz-steinburg.de\/?attachment_id=198'><img loading=\"lazy\" decoding=\"async\" width=\"150\" height=\"150\" src=\"https:\/\/tansania.rbz-steinburg.de\/wp-content\/uploads\/2017\/06\/dsc_0862-150x150.jpg\" class=\"attachment-thumbnail size-thumbnail\" alt=\"\" \/><\/a>\n\t\t\t<\/div><\/figure><figure class='gallery-item'>\n\t\t\t<div class='gallery-icon landscape'>\n\t\t\t\t<a href='https:\/\/tansania.rbz-steinburg.de\/?attachment_id=199'><img loading=\"lazy\" decoding=\"async\" width=\"150\" height=\"150\" src=\"https:\/\/tansania.rbz-steinburg.de\/wp-content\/uploads\/2017\/06\/dscn0307-150x150.jpg\" class=\"attachment-thumbnail size-thumbnail\" alt=\"\" \/><\/a>\n\t\t\t<\/div><\/figure>\n\t\t<\/div>\n\n<p>Das Ziel des Projektes &#8222;Zukunft durch Sonne&#8220; war an KIUMAKO school in Mrimbo, Tansania, eine zuverl\u00e4ssige Stromversorgung zu installieren und den Sch\u00fclern dort die Nutzung moderner Medien f\u00fcr eine bessere Ausbildung zu erm\u00f6glichen. Der wesentliche Faktor des Projekts war der Aufbau und die Einrichtung einer Photovoltaik- Anlage, zur Stromerzeugung durch eine Ressource, die in Afrika im \u00dcberfluss vorhanden ist &#8211; Sonnenenergie. Diese Technologie aus dem Bereich der regenerativen Energien sollte es den Sch\u00fclern vor Ort erm\u00f6glichen, Computer sicher und nachhaltig zu betreiben und auch das Internet als Bildungsmedium nutzbar zu machen. Das Problem der unzureichenden und instabilen Versorgung mit elektrischer Energie, die vor allem Jugendliche in ihrer Bildungsentwicklung hemmt und moderne Technologien in ihrer Nutzbarkeit einschr\u00e4nkt, wurde durch den Aufbau der PV-Anlage erfolgreich bew\u00e4ltigt. In Zusammenarbeit mit dem Verein Rafiki f\u00f6rdern wir die Bildung der nachfolgenden Generationen und wollen langfristige Perspektiven schaffen.<\/p>\n<p>Im Verlauf des Projekts gab es einige handwerkliche und planerische Aufgaben zu bew\u00e4ltigen. Viele Lehrinhalte, die hierzulande meistens nur schulisch vermittelt werden, wurden mit den Sch\u00fclern der &#8222;Tansania AG&#8220; in die Praxis umgesetzt. Dieses Projekt hat gezeigt, dass der Lerneffekt f\u00fcr alle Beteiligten enorm ist. F\u00fcr junge Menschen auf dem Weg in ein Arbeitsleben ist die aktive Teilnahme ein gro\u00dfer Schritt in Richtung Berufswelt. Den \u00c4lteren wird auch viel abverlangt. Denn die Aktivisten mussten Einiges an Flexibilit\u00e4t, Kreativit\u00e4t und Einsatz beweisen: Tansania ist eben nicht Deutschland. Durch Ihre Spende k\u00f6nnen Sie die Fortf\u00fchrung dieses Projekts erm\u00f6glichen und damit nicht nur die Menschen inTansania sondern auch die Bildung von Sch\u00fclern hier in Deutschland unterst\u00fctzen. Zuk\u00fcnftige Generationen werden es Ihnen danken.<\/p>\n","protected":false},"excerpt":{"rendered":"<p>Das Ziel des Projektes &#8222;Zukunft durch Sonne&#8220; war an KIUMAKO school in Mrimbo, Tansania, eine zuverl\u00e4ssige Stromversorgung zu installieren und den Sch\u00fclern dort die Nutzung moderner Medien f\u00fcr eine bessere Ausbildung zu erm\u00f6glichen. Der wesentliche Faktor des Projekts war der Aufbau und die Einrichtung einer Photovoltaik- Anlage, zur Stromerzeugung durch eine Ressource, die in Afrika &hellip; <a href=\"https:\/\/tansania.rbz-steinburg.de\/?page_id=111\" class=\"more-link\"><span class=\"screen-reader-text\">Photovoltaikanlage 2012<\/span> weiterlesen <span class=\"meta-nav\">&rarr;<\/span><\/a><\/p>\n","protected":false},"author":1,"featured_media":0,"parent":14,"menu_order":0,"comment_status":"closed","ping_status":"closed","template":"","meta":{"footnotes":""},"class_list":["post-111","page","type-page","status-publish","hentry"],"_links":{"self":[{"href":"https:\/\/tansania.rbz-steinburg.de\/index.php?rest_route=\/wp\/v2\/pages\/111","targetHints":{"allow":["GET"]}}],"collection":[{"href":"https:\/\/tansania.rbz-steinburg.de\/index.php?rest_route=\/wp\/v2\/pages"}],"about":[{"href":"https:\/\/tansania.rbz-steinburg.de\/index.php?rest_route=\/wp\/v2\/types\/page"}],"author":[{"embeddable":true,"href":"https:\/\/tansania.rbz-steinburg.de\/index.php?rest_route=\/wp\/v2\/users\/1"}],"replies":[{"embeddable":true,"href":"https:\/\/tansania.rbz-steinburg.de\/index.php?rest_route=%2Fwp%2Fv2%2Fcomments&post=111"}],"version-history":[{"count":2,"href":"https:\/\/tansania.rbz-steinburg.de\/index.php?rest_route=\/wp\/v2\/pages\/111\/revisions"}],"predecessor-version":[{"id":200,"href":"https:\/\/tansania.rbz-steinburg.de\/index.php?rest_route=\/wp\/v2\/pages\/111\/revisions\/200"}],"up":[{"embeddable":true,"href":"https:\/\/tansania.rbz-steinburg.de\/index.php?rest_route=\/wp\/v2\/pages\/14"}],"wp:attachment":[{"href":"https:\/\/tansania.rbz-steinburg.de\/index.php?rest_route=%2Fwp%2Fv2%2Fmedia&parent=111"}],"curies":[{"name":"wp","href":"https:\/\/api.w.org\/{rel}","templated":true}]}}