{"id":1269,"date":"2024-05-07T21:15:40","date_gmt":"2024-05-07T19:15:40","guid":{"rendered":"http:\/\/tansania.rbz-steinburg.de\/?page_id=1269"},"modified":"2024-05-07T21:15:40","modified_gmt":"2024-05-07T19:15:40","slug":"videos-bne-seminar-2024","status":"publish","type":"page","link":"https:\/\/tansania.rbz-steinburg.de\/?page_id=1269","title":{"rendered":"Videos BNE -Seminar 2024"},"content":{"rendered":"\n<p>Die folgenden Videos wurden auf unserem dreit\u00e4gigen BNE &#8211; und Vorbereitungsseminar im April 2024 erstellt.<\/p>\n\n\n\n<p>Die Videos wurden durch die Sch\u00fclerinnen und Sch\u00fcler des Seminars in Eigenregie zu ausgew\u00e4hlten Themen erstellt.<\/p>\n\n\n\n<p>Des weiteren wurde auf dem Seminar eine Hygieneschulung f\u00fcr unsere Reise 2024 ausgearbeitet, das mit Sch\u00fclern der Kiumako Seconday School durchgef\u00fchrt werden soll.<\/p>\n\n\n\n<h2 class=\"wp-block-heading\">Interview &#8211; Chagga und Massai<\/h2>\n\n\n\n<p>Wie leben die beiden tansanischen St\u00e4mme heutzutage und was bedeutet es f\u00fcr junge Menschen darin aufzuwachsen? Diese und weitere Fragen werden in diesem Interview von unseren tansanischen G\u00e4sten beantwortet.<\/p>\n\n\n\n<figure class=\"wp-block-embed is-type-video is-provider-youtube wp-block-embed-youtube wp-embed-aspect-16-9 wp-has-aspect-ratio\"><div class=\"wp-block-embed__wrapper\">\n<iframe loading=\"lazy\" title=\"Chagga und Massai - Ein Interview \u00fcber die Herkunft und das Leben junger Menschen in Tansania\" width=\"474\" height=\"267\" src=\"https:\/\/www.youtube.com\/embed\/l6ROdrntYJ8?feature=oembed\" frameborder=\"0\" allow=\"accelerometer; autoplay; clipboard-write; encrypted-media; gyroscope; picture-in-picture; web-share\" referrerpolicy=\"strict-origin-when-cross-origin\" allowfullscreen><\/iframe>\n<\/div><\/figure>\n\n\n\n<h2 class=\"wp-block-heading\"> <\/h2>\n\n\n\n<h2 class=\"wp-block-heading\">WASH in Tansania<\/h2>\n\n\n\n<p>WASH steht f\u00fcr WAsser, Sant\u00e4ranlagen und Hygiene. In dem Erkl\u00e4rvideo werden aktuelle Daten zu der Lage in Tansania zu dem Thema dargestellt.<\/p>\n\n\n\n<figure class=\"wp-block-embed is-type-video is-provider-youtube wp-block-embed-youtube wp-embed-aspect-16-9 wp-has-aspect-ratio\"><div class=\"wp-block-embed__wrapper\">\n<iframe loading=\"lazy\" title=\"WASH in Tansania mit Intro\" width=\"474\" height=\"267\" src=\"https:\/\/www.youtube.com\/embed\/zb3RbnHx_C0?feature=oembed\" frameborder=\"0\" allow=\"accelerometer; autoplay; clipboard-write; encrypted-media; gyroscope; picture-in-picture; web-share\" referrerpolicy=\"strict-origin-when-cross-origin\" allowfullscreen><\/iframe>\n<\/div><\/figure>\n\n\n\n<p><\/p>\n","protected":false},"excerpt":{"rendered":"<p>Die folgenden Videos wurden auf unserem dreit\u00e4gigen BNE &#8211; und Vorbereitungsseminar im April 2024 erstellt. Die Videos wurden durch die Sch\u00fclerinnen und Sch\u00fcler des Seminars in Eigenregie zu ausgew\u00e4hlten Themen erstellt. Des weiteren wurde auf dem Seminar eine Hygieneschulung f\u00fcr unsere Reise 2024 ausgearbeitet, das mit Sch\u00fclern der Kiumako Seconday School durchgef\u00fchrt werden soll. Interview &hellip; <a href=\"https:\/\/tansania.rbz-steinburg.de\/?page_id=1269\" class=\"more-link\"><span class=\"screen-reader-text\">Videos BNE -Seminar 2024<\/span> weiterlesen <span class=\"meta-nav\">&rarr;<\/span><\/a><\/p>\n","protected":false},"author":2,"featured_media":0,"parent":0,"menu_order":0,"comment_status":"closed","ping_status":"closed","template":"","meta":{"footnotes":""},"class_list":["post-1269","page","type-page","status-publish","hentry"],"_links":{"self":[{"href":"https:\/\/tansania.rbz-steinburg.de\/index.php?rest_route=\/wp\/v2\/pages\/1269","targetHints":{"allow":["GET"]}}],"collection":[{"href":"https:\/\/tansania.rbz-steinburg.de\/index.php?rest_route=\/wp\/v2\/pages"}],"about":[{"href":"https:\/\/tansania.rbz-steinburg.de\/index.php?rest_route=\/wp\/v2\/types\/page"}],"author":[{"embeddable":true,"href":"https:\/\/tansania.rbz-steinburg.de\/index.php?rest_route=\/wp\/v2\/users\/2"}],"replies":[{"embeddable":true,"href":"https:\/\/tansania.rbz-steinburg.de\/index.php?rest_route=%2Fwp%2Fv2%2Fcomments&post=1269"}],"version-history":[{"count":2,"href":"https:\/\/tansania.rbz-steinburg.de\/index.php?rest_route=\/wp\/v2\/pages\/1269\/revisions"}],"predecessor-version":[{"id":1271,"href":"https:\/\/tansania.rbz-steinburg.de\/index.php?rest_route=\/wp\/v2\/pages\/1269\/revisions\/1271"}],"wp:attachment":[{"href":"https:\/\/tansania.rbz-steinburg.de\/index.php?rest_route=%2Fwp%2Fv2%2Fmedia&parent=1269"}],"curies":[{"name":"wp","href":"https:\/\/api.w.org\/{rel}","templated":true}]}}