{"id":2,"date":"2016-05-10T03:48:21","date_gmt":"2016-05-10T03:48:21","guid":{"rendered":"http:\/\/tansaneua.rbz-steinburg.de\/?page_id=2"},"modified":"2025-11-25T18:51:46","modified_gmt":"2025-11-25T17:51:46","slug":"sample-page","status":"publish","type":"page","link":"https:\/\/tansania.rbz-steinburg.de\/","title":{"rendered":"Karibu Sana!"},"content":{"rendered":"\n<h2 class=\"wp-block-heading has-text-align-left\">Herzlich Willkommen!<\/h2>\n\n\n\n<p>Sie befinden sich auf der Homepage des Vereins Zukunft durch Sonne e.V. Hier k\u00f6nnen Sie sich \u00fcber unseren Verein, unsere Projekte, sowie unsere Erfolge informieren. Durchst\u00f6bern Sie doch gerne unsere Website und helfen Sie Berufssch\u00fclern dabei zu in Tansania zu helfen.<\/p>\n\n\n\n<h2 class=\"wp-block-heading\"><\/h2>\n\n\n\n<p><\/p>\n\n\n\n<div>\n<div><\/div>\n<\/div>\n\n\n<div class=\"wp-block-image\">\n<figure class=\"aligncenter size-large is-resized\"><a href=\"http:\/\/www.bne-portal.de\"><img loading=\"lazy\" decoding=\"async\" width=\"1024\" height=\"446\" src=\"https:\/\/tansania.rbz-steinburg.de\/wp-content\/uploads\/2024\/07\/BNE_Label_Banner_2024_25_85x37mm_2023-1-1024x446.jpg\" alt=\"\" class=\"wp-image-1310\" style=\"width:566px;height:auto\" srcset=\"https:\/\/tansania.rbz-steinburg.de\/wp-content\/uploads\/2024\/07\/BNE_Label_Banner_2024_25_85x37mm_2023-1-1024x446.jpg 1024w, https:\/\/tansania.rbz-steinburg.de\/wp-content\/uploads\/2024\/07\/BNE_Label_Banner_2024_25_85x37mm_2023-1-300x131.jpg 300w, https:\/\/tansania.rbz-steinburg.de\/wp-content\/uploads\/2024\/07\/BNE_Label_Banner_2024_25_85x37mm_2023-1-768x334.jpg 768w, https:\/\/tansania.rbz-steinburg.de\/wp-content\/uploads\/2024\/07\/BNE_Label_Banner_2024_25_85x37mm_2023-1-1536x669.jpg 1536w, https:\/\/tansania.rbz-steinburg.de\/wp-content\/uploads\/2024\/07\/BNE_Label_Banner_2024_25_85x37mm_2023-1-2048x891.jpg 2048w\" sizes=\"auto, (max-width: 1024px) 100vw, 1024px\" \/><\/a><\/figure>\n<\/div>\n\n\n\n\n\n\n\n","protected":false},"excerpt":{"rendered":"<p>Herzlich Willkommen! Sie befinden sich auf der Homepage des Vereins Zukunft durch Sonne e.V. Hier k\u00f6nnen Sie sich \u00fcber unseren Verein, unsere Projekte, sowie unsere Erfolge informieren. Durchst\u00f6bern Sie doch gerne unsere Website und helfen Sie Berufssch\u00fclern dabei zu in Tansania zu helfen.<\/p>\n","protected":false},"author":1,"featured_media":0,"parent":0,"menu_order":0,"comment_status":"closed","ping_status":"open","template":"","meta":{"footnotes":""},"class_list":["post-2","page","type-page","status-publish","hentry"],"_links":{"self":[{"href":"https:\/\/tansania.rbz-steinburg.de\/index.php?rest_route=\/wp\/v2\/pages\/2","targetHints":{"allow":["GET"]}}],"collection":[{"href":"https:\/\/tansania.rbz-steinburg.de\/index.php?rest_route=\/wp\/v2\/pages"}],"about":[{"href":"https:\/\/tansania.rbz-steinburg.de\/index.php?rest_route=\/wp\/v2\/types\/page"}],"author":[{"embeddable":true,"href":"https:\/\/tansania.rbz-steinburg.de\/index.php?rest_route=\/wp\/v2\/users\/1"}],"replies":[{"embeddable":true,"href":"https:\/\/tansania.rbz-steinburg.de\/index.php?rest_route=%2Fwp%2Fv2%2Fcomments&post=2"}],"version-history":[{"count":29,"href":"https:\/\/tansania.rbz-steinburg.de\/index.php?rest_route=\/wp\/v2\/pages\/2\/revisions"}],"predecessor-version":[{"id":1502,"href":"https:\/\/tansania.rbz-steinburg.de\/index.php?rest_route=\/wp\/v2\/pages\/2\/revisions\/1502"}],"wp:attachment":[{"href":"https:\/\/tansania.rbz-steinburg.de\/index.php?rest_route=%2Fwp%2Fv2%2Fmedia&parent=2"}],"curies":[{"name":"wp","href":"https:\/\/api.w.org\/{rel}","templated":true}]}}