{"id":219,"date":"2017-06-21T15:04:57","date_gmt":"2017-06-21T13:04:57","guid":{"rendered":"http:\/\/tansania.rbz-steinburg.de\/?page_id=219"},"modified":"2019-10-02T10:53:10","modified_gmt":"2019-10-02T08:53:10","slug":"2-vorbereitungsseminar","status":"publish","type":"page","link":"https:\/\/tansania.rbz-steinburg.de\/?page_id=219","title":{"rendered":"Seminar 2017"},"content":{"rendered":"<figure id=\"attachment_220\" aria-describedby=\"caption-attachment-220\" style=\"width: 576px\" class=\"wp-caption alignnone\"><a href=\"http:\/\/tansania.rbz-steinburg.de\/wp-content\/uploads\/2017\/06\/k-IMG_0294.jpg\"><img loading=\"lazy\" decoding=\"async\" class=\"wp-image-220\" src=\"http:\/\/tansania.rbz-steinburg.de\/wp-content\/uploads\/2017\/06\/k-IMG_0294.jpg\" alt=\"\" width=\"576\" height=\"387\" \/><\/a><figcaption id=\"caption-attachment-220\" class=\"wp-caption-text\">Teambildung: Fr\u00f6belkran<\/figcaption><\/figure>\n<p>Unser Wochenendseminar zur Vorbereitung der Reise im Januar 2018 fand vom 05. &#8211; 07. Mai 2017 in der Jugendherberge in Pl\u00f6n statt.<\/p>\n<p>Wir hatten drei gro\u00dfe Schwerpunkte:<\/p>\n<ul>\n<li>Teambildung<\/li>\n<li>Entwicklungszusammenarbeit<\/li>\n<li>Nachhaltigkeit<\/li>\n<\/ul>\n<p>Zur Teambildung haben wir unterschiedliche Aktionen durchgef\u00fchrt:<\/p>\n<div id='gallery-1' class='gallery galleryid-219 gallery-columns-3 gallery-size-thumbnail'><figure class='gallery-item'>\n\t\t\t<div class='gallery-icon landscape'>\n\t\t\t\t<a href='https:\/\/tansania.rbz-steinburg.de\/?attachment_id=224'><img loading=\"lazy\" decoding=\"async\" width=\"150\" height=\"150\" src=\"https:\/\/tansania.rbz-steinburg.de\/wp-content\/uploads\/2017\/06\/k-IMG_0343-150x150.jpg\" class=\"attachment-thumbnail size-thumbnail\" alt=\"\" aria-describedby=\"gallery-1-224\" \/><\/a>\n\t\t\t<\/div>\n\t\t\t\t<figcaption class='wp-caption-text gallery-caption' id='gallery-1-224'>\n\t\t\t\t\u00fcber das Seil\n\t\t\t\t<\/figcaption><\/figure><figure class='gallery-item'>\n\t\t\t<div class='gallery-icon landscape'>\n\t\t\t\t<a href='https:\/\/tansania.rbz-steinburg.de\/?attachment_id=223'><img loading=\"lazy\" decoding=\"async\" width=\"150\" height=\"150\" src=\"https:\/\/tansania.rbz-steinburg.de\/wp-content\/uploads\/2017\/06\/k-IMG_0332-150x150.jpg\" class=\"attachment-thumbnail size-thumbnail\" alt=\"\" aria-describedby=\"gallery-1-223\" \/><\/a>\n\t\t\t<\/div>\n\t\t\t\t<figcaption class='wp-caption-text gallery-caption' id='gallery-1-223'>\n\t\t\t\tdurch den Ring\n\t\t\t\t<\/figcaption><\/figure><figure class='gallery-item'>\n\t\t\t<div class='gallery-icon landscape'>\n\t\t\t\t<a href='https:\/\/tansania.rbz-steinburg.de\/?attachment_id=222'><img loading=\"lazy\" decoding=\"async\" width=\"150\" height=\"150\" src=\"https:\/\/tansania.rbz-steinburg.de\/wp-content\/uploads\/2017\/06\/k-IMG_0297-150x150.jpg\" class=\"attachment-thumbnail size-thumbnail\" alt=\"\" aria-describedby=\"gallery-1-222\" \/><\/a>\n\t\t\t<\/div>\n\t\t\t\t<figcaption class='wp-caption-text gallery-caption' id='gallery-1-222'>\n\t\t\t\tFr\u00f6belkran\n\t\t\t\t<\/figcaption><\/figure>\n\t\t<\/div>\n\n<p>W\u00e4hrend des Vorbereitungsseminars sind wir zum Team zusammengewachsen und wir haben uns gegenseitig kennengelernt.<\/p>\n<p>Dem Thema Entwicklungszusammenarbeit haben wir uns in Kleingruppen gen\u00e4hrt. Wir haben uns gegenseitig \u00fcber Ideen, Erungenschaften und Fehler der Entwicklungspolitik der letzten 60 Jahre informiert.<\/p>\n<div id='gallery-2' class='gallery galleryid-219 gallery-columns-3 gallery-size-thumbnail'><figure class='gallery-item'>\n\t\t\t<div class='gallery-icon portrait'>\n\t\t\t\t<a href='https:\/\/tansania.rbz-steinburg.de\/?attachment_id=235'><img loading=\"lazy\" decoding=\"async\" width=\"150\" height=\"150\" src=\"https:\/\/tansania.rbz-steinburg.de\/wp-content\/uploads\/2017\/06\/k-IMG_0272-150x150.jpg\" class=\"attachment-thumbnail size-thumbnail\" alt=\"\" aria-describedby=\"gallery-2-235\" \/><\/a>\n\t\t\t<\/div>\n\t\t\t\t<figcaption class='wp-caption-text gallery-caption' id='gallery-2-235'>\n\t\t\t\tWeltverteilung von Ressourcen\n\t\t\t\t<\/figcaption><\/figure><figure class='gallery-item'>\n\t\t\t<div class='gallery-icon landscape'>\n\t\t\t\t<a href='https:\/\/tansania.rbz-steinburg.de\/?attachment_id=229'><img loading=\"lazy\" decoding=\"async\" width=\"150\" height=\"150\" src=\"https:\/\/tansania.rbz-steinburg.de\/wp-content\/uploads\/2017\/06\/k-IMG_0268-150x150.jpg\" class=\"attachment-thumbnail size-thumbnail\" alt=\"\" aria-describedby=\"gallery-2-229\" \/><\/a>\n\t\t\t<\/div>\n\t\t\t\t<figcaption class='wp-caption-text gallery-caption' id='gallery-2-229'>\n\t\t\t\tWeltverteilung &#8211; Produktivit\u00e4t\n\t\t\t\t<\/figcaption><\/figure><figure class='gallery-item'>\n\t\t\t<div class='gallery-icon landscape'>\n\t\t\t\t<a href='https:\/\/tansania.rbz-steinburg.de\/?attachment_id=236'><img loading=\"lazy\" decoding=\"async\" width=\"150\" height=\"150\" src=\"https:\/\/tansania.rbz-steinburg.de\/wp-content\/uploads\/2017\/06\/k-IMG_0252-150x150.jpg\" class=\"attachment-thumbnail size-thumbnail\" alt=\"\" aria-describedby=\"gallery-2-236\" \/><\/a>\n\t\t\t<\/div>\n\t\t\t\t<figcaption class='wp-caption-text gallery-caption' id='gallery-2-236'>\n\t\t\t\tVorstellung &#8211; L\u00fcgengeschichte\n\t\t\t\t<\/figcaption><\/figure>\n\t\t<\/div>\n\n<p>Unser Wirken findet im Kontext der nachhaltigen Entwicklung statt. In diesem Zusammenhang haben wir \u00fcber die weltweite Verteilung der Ressourcen und die Chancengleichheit der Menschen auf den unterschiedlichen Kontinenten gesprochen. Das Thema Armut wurde vielschichtig diskutiert und beleuchtet.<\/p>\n<div id='gallery-3' class='gallery galleryid-219 gallery-columns-3 gallery-size-thumbnail'><figure class='gallery-item'>\n\t\t\t<div class='gallery-icon landscape'>\n\t\t\t\t<a href='https:\/\/tansania.rbz-steinburg.de\/?attachment_id=234'><img loading=\"lazy\" decoding=\"async\" width=\"150\" height=\"150\" src=\"https:\/\/tansania.rbz-steinburg.de\/wp-content\/uploads\/2017\/06\/k-IMG_0316-150x150.jpg\" class=\"attachment-thumbnail size-thumbnail\" alt=\"\" aria-describedby=\"gallery-3-234\" \/><\/a>\n\t\t\t<\/div>\n\t\t\t\t<figcaption class='wp-caption-text gallery-caption' id='gallery-3-234'>\n\t\t\t\tPr\u00e4sentation\n\t\t\t\t<\/figcaption><\/figure><figure class='gallery-item'>\n\t\t\t<div class='gallery-icon portrait'>\n\t\t\t\t<a href='https:\/\/tansania.rbz-steinburg.de\/?attachment_id=232'><img loading=\"lazy\" decoding=\"async\" width=\"150\" height=\"150\" src=\"https:\/\/tansania.rbz-steinburg.de\/wp-content\/uploads\/2017\/06\/k-IMG_0320-150x150.jpg\" class=\"attachment-thumbnail size-thumbnail\" alt=\"\" aria-describedby=\"gallery-3-232\" \/><\/a>\n\t\t\t<\/div>\n\t\t\t\t<figcaption class='wp-caption-text gallery-caption' id='gallery-3-232'>\n\t\t\t\tPr\u00e4sentation\n\t\t\t\t<\/figcaption><\/figure><figure class='gallery-item'>\n\t\t\t<div class='gallery-icon landscape'>\n\t\t\t\t<a href='https:\/\/tansania.rbz-steinburg.de\/?attachment_id=231'><img loading=\"lazy\" decoding=\"async\" width=\"150\" height=\"150\" src=\"https:\/\/tansania.rbz-steinburg.de\/wp-content\/uploads\/2017\/06\/k-IMG_0302-150x150.jpg\" class=\"attachment-thumbnail size-thumbnail\" alt=\"\" aria-describedby=\"gallery-3-231\" \/><\/a>\n\t\t\t<\/div>\n\t\t\t\t<figcaption class='wp-caption-text gallery-caption' id='gallery-3-231'>\n\t\t\t\tGruppenarbeit\n\t\t\t\t<\/figcaption><\/figure>\n\t\t<\/div>\n\n<p>Am Samstagabend hat uns Marcus Wack, vom Verein Rafiki Mrimbo, mit seinen Bildern und Geschichten \u00fcber die Schule und Tansania auf die Reise eingestimmt. Die Teilnehmer konnten viele Fragen stellen und einen Einblick in die bisherigen Projekte bekommen.<\/p>\n<figure id=\"attachment_233\" aria-describedby=\"caption-attachment-233\" style=\"width: 800px\" class=\"wp-caption alignnone\"><a href=\"http:\/\/tansania.rbz-steinburg.de\/wp-content\/uploads\/2017\/06\/k-IMG_0356.jpg\"><img loading=\"lazy\" decoding=\"async\" class=\"wp-image-233 size-full\" src=\"http:\/\/tansania.rbz-steinburg.de\/wp-content\/uploads\/2017\/06\/k-IMG_0356.jpg\" alt=\"\" width=\"800\" height=\"533\" srcset=\"https:\/\/tansania.rbz-steinburg.de\/wp-content\/uploads\/2017\/06\/k-IMG_0356.jpg 800w, https:\/\/tansania.rbz-steinburg.de\/wp-content\/uploads\/2017\/06\/k-IMG_0356-300x200.jpg 300w, https:\/\/tansania.rbz-steinburg.de\/wp-content\/uploads\/2017\/06\/k-IMG_0356-768x512.jpg 768w\" sizes=\"auto, (max-width: 800px) 100vw, 800px\" \/><\/a><figcaption id=\"caption-attachment-233\" class=\"wp-caption-text\">Marcus vom Verein &#8222;Rafiki Mrimbo&#8220;<\/figcaption><\/figure>\n<p>Spazierg\u00e4nge am Pl\u00f6ner See, ein Fu\u00dfballspiel und das gemeinsame Grillen und Singen am Feuer haben unseren Aufenthalt abgerundet und uns n\u00e4her zusammengebracht.<\/p>\n","protected":false},"excerpt":{"rendered":"<p>Unser Wochenendseminar zur Vorbereitung der Reise im Januar 2018 fand vom 05. &#8211; 07. Mai 2017 in der Jugendherberge in Pl\u00f6n statt. Wir hatten drei gro\u00dfe Schwerpunkte: Teambildung Entwicklungszusammenarbeit Nachhaltigkeit Zur Teambildung haben wir unterschiedliche Aktionen durchgef\u00fchrt: W\u00e4hrend des Vorbereitungsseminars sind wir zum Team zusammengewachsen und wir haben uns gegenseitig kennengelernt. Dem Thema Entwicklungszusammenarbeit haben &hellip; <a href=\"https:\/\/tansania.rbz-steinburg.de\/?page_id=219\" class=\"more-link\"><span class=\"screen-reader-text\">Seminar 2017<\/span> weiterlesen <span class=\"meta-nav\">&rarr;<\/span><\/a><\/p>\n","protected":false},"author":1,"featured_media":0,"parent":65,"menu_order":0,"comment_status":"closed","ping_status":"closed","template":"","meta":{"footnotes":""},"class_list":["post-219","page","type-page","status-publish","hentry"],"_links":{"self":[{"href":"https:\/\/tansania.rbz-steinburg.de\/index.php?rest_route=\/wp\/v2\/pages\/219","targetHints":{"allow":["GET"]}}],"collection":[{"href":"https:\/\/tansania.rbz-steinburg.de\/index.php?rest_route=\/wp\/v2\/pages"}],"about":[{"href":"https:\/\/tansania.rbz-steinburg.de\/index.php?rest_route=\/wp\/v2\/types\/page"}],"author":[{"embeddable":true,"href":"https:\/\/tansania.rbz-steinburg.de\/index.php?rest_route=\/wp\/v2\/users\/1"}],"replies":[{"embeddable":true,"href":"https:\/\/tansania.rbz-steinburg.de\/index.php?rest_route=%2Fwp%2Fv2%2Fcomments&post=219"}],"version-history":[{"count":8,"href":"https:\/\/tansania.rbz-steinburg.de\/index.php?rest_route=\/wp\/v2\/pages\/219\/revisions"}],"predecessor-version":[{"id":681,"href":"https:\/\/tansania.rbz-steinburg.de\/index.php?rest_route=\/wp\/v2\/pages\/219\/revisions\/681"}],"up":[{"embeddable":true,"href":"https:\/\/tansania.rbz-steinburg.de\/index.php?rest_route=\/wp\/v2\/pages\/65"}],"wp:attachment":[{"href":"https:\/\/tansania.rbz-steinburg.de\/index.php?rest_route=%2Fwp%2Fv2%2Fmedia&parent=219"}],"curies":[{"name":"wp","href":"https:\/\/api.w.org\/{rel}","templated":true}]}}