{"id":349,"date":"2017-07-08T06:34:27","date_gmt":"2017-07-08T04:34:27","guid":{"rendered":"http:\/\/tansania.rbz-steinburg.de\/?page_id=349"},"modified":"2024-06-11T17:29:48","modified_gmt":"2024-06-11T15:29:48","slug":"spenden","status":"publish","type":"page","link":"https:\/\/tansania.rbz-steinburg.de\/?page_id=349","title":{"rendered":"Spenden"},"content":{"rendered":"\n<p>Zur Umsetzung unserer Begegnungsreisen und der technischen Projekte sind wir auf Spenden angewiesen. Spenden erreichen uns \u00fcber unsere Bankverbindung oder Paypal. Zudem haben wir eine Crowedfundig-Aktion ins Leben gerufen, daf\u00fcr einfach auf den Button klicken.<\/p>\n\n\n\n<p>Selbstverst\u00e4ndlich stellen wir Ihnen gerne eine Spendenbescheinigung aus. Lassen Sie uns daf\u00fcr bitte Ihre Anschrift im Betreff zukommen.<\/p>\n\n\n\n<p><strong>Wir bedanken uns von Herzen bei allen Spenderinnen und Spendern!!!<\/strong><\/p>\n\n\n\n<p>Bitte spenden Sie per \u00dcberweisung auf unser Spendenkonto:<\/p>\n\n\n\n<p><strong>Tansania Zukunft durch Sonne e.V.<\/strong><br><strong>IBAN: DE05 2225 0020 0090 1244 39<br>BIC: <span class=\"st\">NOLADE21WHO<\/span><br><\/strong><\/p>\n\n\n\n<hr class=\"wp-block-separator has-css-opacity\"\/>\n\n\n\n<h4 class=\"wp-block-heading\">Spenden via Paypal:<\/h4>\n\n\n\n<p><\/p>\n\n\n\n<form action=\"https:\/\/www.paypal.com\/donate\" method=\"post\" target=\"_top\">\n<input type=\"hidden\" name=\"hosted_button_id\" value=\"SA45ENB2D9V7S\" \/>\n<input type=\"image\" src=\"https:\/\/www.paypalobjects.com\/de_DE\/DE\/i\/btn\/btn_donateCC_LG.gif\" border=\"0\" name=\"submit\" title=\"PayPal - The safer, easier way to pay online!\" alt=\"Spenden mit dem PayPal-Button\" \/>\n<img loading=\"lazy\" decoding=\"async\" alt=\"\" border=\"0\" src=\"https:\/\/www.paypal.com\/de_DE\/i\/scr\/pixel.gif\" width=\"1\" height=\"1\" \/>\n<\/form>\n\n\n\n<h4 class=\"wp-block-heading\">Spenden via Betterplace:<\/h4>\n\n\n\n<p><\/p>\n\n\n\n<iframe loading=\"lazy\" frameborder=\"0\" marginheight=\"0\" marginwidth=\"0\" src=\"https:\/\/www.betterplace-widget.org\/projects\/137962?l=de\" width=\"100%\" height=\"320\" style=\"border: 0; padding:0; margin:0;\">Informieren und spenden: &lt;a href=&#39;https:\/\/www.betterplace.org\/de\/projects\/112220-tansania-zukunft-durch-sonne-e-v-berufsschueler-helfen&#39; target=&#39;_blank&#39;&gt;\u201eTansania &#8211; Zukunft durch Sonne e.V. &#8211; Berufssch\u00fcler helfen\u201c&lt;\/a&gt; auf betterplace.org \u00f6ffnen.<\/iframe>\n\n\n\n<p><\/p>\n\n\n\n<p><\/p>\n\n\n\n<p><\/p>\n","protected":false},"excerpt":{"rendered":"<p>Zur Umsetzung unserer Begegnungsreisen und der technischen Projekte sind wir auf Spenden angewiesen. Spenden erreichen uns \u00fcber unsere Bankverbindung oder Paypal. Zudem haben wir eine Crowedfundig-Aktion ins Leben gerufen, daf\u00fcr einfach auf den Button klicken. Selbstverst\u00e4ndlich stellen wir Ihnen gerne eine Spendenbescheinigung aus. Lassen Sie uns daf\u00fcr bitte Ihre Anschrift im Betreff zukommen. Wir bedanken &hellip; <a href=\"https:\/\/tansania.rbz-steinburg.de\/?page_id=349\" class=\"more-link\"><span class=\"screen-reader-text\">Spenden<\/span> weiterlesen <span class=\"meta-nav\">&rarr;<\/span><\/a><\/p>\n","protected":false},"author":1,"featured_media":0,"parent":57,"menu_order":0,"comment_status":"closed","ping_status":"closed","template":"","meta":{"footnotes":""},"class_list":["post-349","page","type-page","status-publish","hentry"],"_links":{"self":[{"href":"https:\/\/tansania.rbz-steinburg.de\/index.php?rest_route=\/wp\/v2\/pages\/349","targetHints":{"allow":["GET"]}}],"collection":[{"href":"https:\/\/tansania.rbz-steinburg.de\/index.php?rest_route=\/wp\/v2\/pages"}],"about":[{"href":"https:\/\/tansania.rbz-steinburg.de\/index.php?rest_route=\/wp\/v2\/types\/page"}],"author":[{"embeddable":true,"href":"https:\/\/tansania.rbz-steinburg.de\/index.php?rest_route=\/wp\/v2\/users\/1"}],"replies":[{"embeddable":true,"href":"https:\/\/tansania.rbz-steinburg.de\/index.php?rest_route=%2Fwp%2Fv2%2Fcomments&post=349"}],"version-history":[{"count":20,"href":"https:\/\/tansania.rbz-steinburg.de\/index.php?rest_route=\/wp\/v2\/pages\/349\/revisions"}],"predecessor-version":[{"id":1297,"href":"https:\/\/tansania.rbz-steinburg.de\/index.php?rest_route=\/wp\/v2\/pages\/349\/revisions\/1297"}],"up":[{"embeddable":true,"href":"https:\/\/tansania.rbz-steinburg.de\/index.php?rest_route=\/wp\/v2\/pages\/57"}],"wp:attachment":[{"href":"https:\/\/tansania.rbz-steinburg.de\/index.php?rest_route=%2Fwp%2Fv2%2Fmedia&parent=349"}],"curies":[{"name":"wp","href":"https:\/\/api.w.org\/{rel}","templated":true}]}}