{"id":464,"date":"2018-01-09T10:21:28","date_gmt":"2018-01-09T09:21:28","guid":{"rendered":"http:\/\/tansania.rbz-steinburg.de\/?page_id=464"},"modified":"2025-11-25T19:37:22","modified_gmt":"2025-11-25T18:37:22","slug":"kiumako","status":"publish","type":"page","link":"https:\/\/tansania.rbz-steinburg.de\/?page_id=464","title":{"rendered":"Kiumako"},"content":{"rendered":"<p>Unser Verein unterst\u00fctzt seit 2011 den Aufbau der KIUMAKO Secondary School in Tansania. Seit 2005 wird <a href=\"http:\/\/tansania.rbz-steinburg.de\/wp-content\/uploads\/2017\/07\/kiumako.jpg\"><img loading=\"lazy\" decoding=\"async\" class=\"wp-image-361 alignright\" src=\"http:\/\/tansania.rbz-steinburg.de\/wp-content\/uploads\/2017\/07\/kiumako.jpg\" alt=\"\" width=\"170\" height=\"179\" srcset=\"https:\/\/tansania.rbz-steinburg.de\/wp-content\/uploads\/2017\/07\/kiumako.jpg 568w, https:\/\/tansania.rbz-steinburg.de\/wp-content\/uploads\/2017\/07\/kiumako-284x300.jpg 284w\" sizes=\"auto, (max-width: 170px) 100vw, 170px\" \/><\/a>die Schule unter der Schirmherrschaft des Kellinghusener Vereins &#8222;Rafiki&#8220; aufgebaut. Unser Verein hat bisher vorrangig technische Unterst\u00fctzung geleistet.<br \/>Seit 2009 wird in der KIUMAKO unterricht, seit 2014 hat die Privatschule die staatliche Anerkennung als Secondary School.<\/p>\n<p>Wie an den Bildern unschwer zu erkennen ist, hat sich die KIUMAKO Secondary School in den letzten Jahren stark ver\u00e4ndert. Durch st\u00e4ndige Um- und Anbauma\u00dfnahmen wurde die Schule vergr\u00f6\u00dfert und zu einer modernen tansanischen Bildungseinrichtung gemacht.<\/p>\n<p>Wir sind stolz darauf, das wir als Verein einen Teil dazu betragen konnten. Wir haben u.a. eine Solaranlage, eine Wasserzisterne, Gel\u00e4nder sowie Wassertanks installiert. Diese technische Unterst\u00fctzung erm\u00f6glicht einen sicheren und zuverl\u00e4ssigen Schulbetrieb.<\/p>\n<h1>Kiumako 2012<br \/><a href=\"http:\/\/tansania.rbz-steinburg.de\/wp-content\/uploads\/2017\/06\/cropped-2015-KEC-au\u0192en.jpg\"><img loading=\"lazy\" decoding=\"async\" class=\"alignnone size-full wp-image-117\" src=\"http:\/\/tansania.rbz-steinburg.de\/wp-content\/uploads\/2017\/06\/cropped-2015-KEC-au\u0192en.jpg\" alt=\"\" width=\"800\" height=\"228\" srcset=\"https:\/\/tansania.rbz-steinburg.de\/wp-content\/uploads\/2017\/06\/cropped-2015-KEC-au\u0192en.jpg 800w, https:\/\/tansania.rbz-steinburg.de\/wp-content\/uploads\/2017\/06\/cropped-2015-KEC-au\u0192en-300x86.jpg 300w, https:\/\/tansania.rbz-steinburg.de\/wp-content\/uploads\/2017\/06\/cropped-2015-KEC-au\u0192en-768x219.jpg 768w\" sizes=\"auto, (max-width: 800px) 100vw, 800px\" \/><\/a><\/h1>\n\n\n<h2 class=\"wp-block-heading\">Kiumako 2020<\/h2>\n\n\n\n<figure class=\"wp-block-image size-large\"><img loading=\"lazy\" decoding=\"async\" width=\"1024\" height=\"683\" src=\"http:\/\/tansania.rbz-steinburg.de\/wp-content\/uploads\/2017\/06\/DSC04860-1024x683.jpg\" alt=\"\" class=\"wp-image-909\" srcset=\"https:\/\/tansania.rbz-steinburg.de\/wp-content\/uploads\/2017\/06\/DSC04860-1024x683.jpg 1024w, https:\/\/tansania.rbz-steinburg.de\/wp-content\/uploads\/2017\/06\/DSC04860-300x200.jpg 300w, https:\/\/tansania.rbz-steinburg.de\/wp-content\/uploads\/2017\/06\/DSC04860-768x512.jpg 768w\" sizes=\"auto, (max-width: 1024px) 100vw, 1024px\" \/><\/figure>\n\n\n\n<h2 class=\"wp-block-heading\">Kiumako 2025<\/h2>\n\n\n\n<figure class=\"wp-block-image size-large is-resized\"><img loading=\"lazy\" decoding=\"async\" width=\"1024\" height=\"576\" src=\"http:\/\/tansania.rbz-steinburg.de\/wp-content\/uploads\/2025\/09\/IMG_0877-1024x576.jpeg\" alt=\"\" class=\"wp-image-1456\" style=\"width:800px;height:auto\" srcset=\"https:\/\/tansania.rbz-steinburg.de\/wp-content\/uploads\/2025\/09\/IMG_0877-1024x576.jpeg 1024w, https:\/\/tansania.rbz-steinburg.de\/wp-content\/uploads\/2025\/09\/IMG_0877-300x169.jpeg 300w, https:\/\/tansania.rbz-steinburg.de\/wp-content\/uploads\/2025\/09\/IMG_0877-768x432.jpeg 768w, https:\/\/tansania.rbz-steinburg.de\/wp-content\/uploads\/2025\/09\/IMG_0877-1536x864.jpeg 1536w, https:\/\/tansania.rbz-steinburg.de\/wp-content\/uploads\/2025\/09\/IMG_0877.jpeg 1600w\" sizes=\"auto, (max-width: 1024px) 100vw, 1024px\" \/><figcaption class=\"wp-element-caption\">Begr\u00fc\u00dfung durch die Sch\u00fcler der Kiumako<\/figcaption><\/figure>\n\n\n\n<figure class=\"wp-block-image size-large\"><img loading=\"lazy\" decoding=\"async\" width=\"1024\" height=\"577\" src=\"https:\/\/tansania.rbz-steinburg.de\/wp-content\/uploads\/2025\/11\/20250211_130031-1024x577.jpg\" alt=\"\" class=\"wp-image-1480\" srcset=\"https:\/\/tansania.rbz-steinburg.de\/wp-content\/uploads\/2025\/11\/20250211_130031-1024x577.jpg 1024w, https:\/\/tansania.rbz-steinburg.de\/wp-content\/uploads\/2025\/11\/20250211_130031-300x169.jpg 300w, https:\/\/tansania.rbz-steinburg.de\/wp-content\/uploads\/2025\/11\/20250211_130031-768x432.jpg 768w, https:\/\/tansania.rbz-steinburg.de\/wp-content\/uploads\/2025\/11\/20250211_130031-1536x865.jpg 1536w, https:\/\/tansania.rbz-steinburg.de\/wp-content\/uploads\/2025\/11\/20250211_130031-2048x1153.jpg 2048w\" sizes=\"auto, (max-width: 1024px) 100vw, 1024px\" \/><figcaption class=\"wp-element-caption\">Kiumako Secondary School 2025<\/figcaption><\/figure>\n","protected":false},"excerpt":{"rendered":"<p>Unser Verein unterst\u00fctzt seit 2011 den Aufbau der KIUMAKO Secondary School in Tansania. Seit 2005 wird die Schule unter der Schirmherrschaft des Kellinghusener Vereins &#8222;Rafiki&#8220; aufgebaut. Unser Verein hat bisher vorrangig technische Unterst\u00fctzung geleistet.Seit 2009 wird in der KIUMAKO unterricht, seit 2014 hat die Privatschule die staatliche Anerkennung als Secondary School. Wie an den Bildern &hellip; <a href=\"https:\/\/tansania.rbz-steinburg.de\/?page_id=464\" class=\"more-link\"><span class=\"screen-reader-text\">Kiumako<\/span> weiterlesen <span class=\"meta-nav\">&rarr;<\/span><\/a><\/p>\n","protected":false},"author":1,"featured_media":0,"parent":0,"menu_order":0,"comment_status":"closed","ping_status":"closed","template":"","meta":{"footnotes":""},"class_list":["post-464","page","type-page","status-publish","hentry"],"_links":{"self":[{"href":"https:\/\/tansania.rbz-steinburg.de\/index.php?rest_route=\/wp\/v2\/pages\/464","targetHints":{"allow":["GET"]}}],"collection":[{"href":"https:\/\/tansania.rbz-steinburg.de\/index.php?rest_route=\/wp\/v2\/pages"}],"about":[{"href":"https:\/\/tansania.rbz-steinburg.de\/index.php?rest_route=\/wp\/v2\/types\/page"}],"author":[{"embeddable":true,"href":"https:\/\/tansania.rbz-steinburg.de\/index.php?rest_route=\/wp\/v2\/users\/1"}],"replies":[{"embeddable":true,"href":"https:\/\/tansania.rbz-steinburg.de\/index.php?rest_route=%2Fwp%2Fv2%2Fcomments&post=464"}],"version-history":[{"count":12,"href":"https:\/\/tansania.rbz-steinburg.de\/index.php?rest_route=\/wp\/v2\/pages\/464\/revisions"}],"predecessor-version":[{"id":1483,"href":"https:\/\/tansania.rbz-steinburg.de\/index.php?rest_route=\/wp\/v2\/pages\/464\/revisions\/1483"}],"wp:attachment":[{"href":"https:\/\/tansania.rbz-steinburg.de\/index.php?rest_route=%2Fwp%2Fv2%2Fmedia&parent=464"}],"curies":[{"name":"wp","href":"https:\/\/api.w.org\/{rel}","templated":true}]}}