{"id":57,"date":"2017-06-01T11:19:19","date_gmt":"2017-06-01T09:19:19","guid":{"rendered":"http:\/\/tansaneua.rbz-steinburg.de\/?page_id=57"},"modified":"2025-04-08T13:18:50","modified_gmt":"2025-04-08T11:18:50","slug":"verein","status":"publish","type":"page","link":"https:\/\/tansania.rbz-steinburg.de\/?page_id=57","title":{"rendered":"Verein"},"content":{"rendered":"\n<figure class=\"wp-block-embed is-type-video is-provider-youtube wp-block-embed-youtube wp-embed-aspect-16-9 wp-has-aspect-ratio\"><div class=\"wp-block-embed__wrapper\">\n<iframe loading=\"lazy\" title=\"Tansania-Zukunft durch Sonne e V  2020\" width=\"474\" height=\"267\" src=\"https:\/\/www.youtube.com\/embed\/bsY-0GXp5ZM?feature=oembed\" frameborder=\"0\" allow=\"accelerometer; autoplay; clipboard-write; encrypted-media; gyroscope; picture-in-picture; web-share\" referrerpolicy=\"strict-origin-when-cross-origin\" allowfullscreen><\/iframe>\n<\/div><figcaption class=\"wp-element-caption\">Wie unser verein arbeiten.<\/figcaption><\/figure>\n\n\n<p><a href=\"http:\/\/tansania.rbz-steinburg.de\/?page_id=126\">Die Geschichte des Vereins (mehr&#8230;)<\/a><\/p>\n<p>Der Verein &#8222;Zukunft durch Sonne e.V.&#8220; ist aus einer Sch\u00fcler AG des rbz steinburg hervorgegangen. Im Februar 2012 haben wir an der KIUMAKO secondary school in Tansania eine Photovoitaik-Anlage aufgebaut und dieser damit zu einer verl\u00e4sslichen elektrischen Energieversorgung verholfen. Die Schule liegt am Fu\u00dfe des Kilimandscharo und wird durch den Verein Rafiki e.V. finanziert. Die beteiligten Sch\u00fcler arbeiteten au\u00dferhalb ihrer Schulzeit an diesem Projekt und sind gemeinsam mit zwei Lehrern nach Mrimbo gereist, haben die Anlage aufgebaut, in Betrieb genommen und Personal vor Ort technisch eingewiesen. W\u00e4hrend des Aufenthalts haben wir festgestellt, dass auch die Wasserversorgung der Schule ein gro\u00dfes Problem darstellt. Nun hatten wir also einen Anlass f\u00fcr unser neues Projekt: Eine Zisterne, die Regenwasser speichern und aufbeireiten kann, sodass der Schule das ganze Jahr \u00fcber Trinkwasser zur Verf\u00fcgung steht. So wie mittlerweile viele Bewohner der Kommune von der Stromversorgung der Schule profitieren, kann diese durch die Zisterne auch die Wasserversorgung der Menschen in Mrimbo sichern.<\/p>\n<p>Was bedeutet die Arbeit in einem so fremden und fernen Land wie Tansania f\u00fcr unsere Sch\u00fcler und Auszubildenden am rbz steinburg? Sie erhalten Einblick in eine v\u00f6llig andere Welt, sammeln wertvolle Erfahrungen und lernen durch pers\u00f6nliche Kontakte zu Sch\u00fclern und Lehrern der tansaniaschen Schule fremde Kulturen kennen. Dieser Austausch erm\u00f6glicht beiden Seiten voneinander zu lernen.<\/p>\n<p>Neues Logo:<\/p>\n<p><img loading=\"lazy\" decoding=\"async\" class=\"alignnone size-medium wp-image-812\" src=\"http:\/\/tansania.rbz-steinburg.de\/wp-content\/uploads\/2020\/03\/logo-mit-Zisterne_final_3-300x138.png\" alt=\"\" width=\"300\" height=\"138\" srcset=\"https:\/\/tansania.rbz-steinburg.de\/wp-content\/uploads\/2020\/03\/logo-mit-Zisterne_final_3-300x138.png 300w, https:\/\/tansania.rbz-steinburg.de\/wp-content\/uploads\/2020\/03\/logo-mit-Zisterne_final_3-768x354.png 768w, https:\/\/tansania.rbz-steinburg.de\/wp-content\/uploads\/2020\/03\/logo-mit-Zisterne_final_3-1024x473.png 1024w, https:\/\/tansania.rbz-steinburg.de\/wp-content\/uploads\/2020\/03\/logo-mit-Zisterne_final_3.png 1300w\" sizes=\"auto, (max-width: 300px) 100vw, 300px\" \/><\/p>","protected":false},"excerpt":{"rendered":"<p>Die Geschichte des Vereins (mehr&#8230;) Der Verein &#8222;Zukunft durch Sonne e.V.&#8220; ist aus einer Sch\u00fcler AG des rbz steinburg hervorgegangen. Im Februar 2012 haben wir an der KIUMAKO secondary school in Tansania eine Photovoitaik-Anlage aufgebaut und dieser damit zu einer verl\u00e4sslichen elektrischen Energieversorgung verholfen. Die Schule liegt am Fu\u00dfe des Kilimandscharo und wird durch den &hellip; <a href=\"https:\/\/tansania.rbz-steinburg.de\/?page_id=57\" class=\"more-link\"><span class=\"screen-reader-text\">Verein<\/span> weiterlesen <span class=\"meta-nav\">&rarr;<\/span><\/a><\/p>\n","protected":false},"author":1,"featured_media":0,"parent":0,"menu_order":0,"comment_status":"closed","ping_status":"closed","template":"","meta":{"footnotes":""},"class_list":["post-57","page","type-page","status-publish","hentry"],"_links":{"self":[{"href":"https:\/\/tansania.rbz-steinburg.de\/index.php?rest_route=\/wp\/v2\/pages\/57","targetHints":{"allow":["GET"]}}],"collection":[{"href":"https:\/\/tansania.rbz-steinburg.de\/index.php?rest_route=\/wp\/v2\/pages"}],"about":[{"href":"https:\/\/tansania.rbz-steinburg.de\/index.php?rest_route=\/wp\/v2\/types\/page"}],"author":[{"embeddable":true,"href":"https:\/\/tansania.rbz-steinburg.de\/index.php?rest_route=\/wp\/v2\/users\/1"}],"replies":[{"embeddable":true,"href":"https:\/\/tansania.rbz-steinburg.de\/index.php?rest_route=%2Fwp%2Fv2%2Fcomments&post=57"}],"version-history":[{"count":7,"href":"https:\/\/tansania.rbz-steinburg.de\/index.php?rest_route=\/wp\/v2\/pages\/57\/revisions"}],"predecessor-version":[{"id":1433,"href":"https:\/\/tansania.rbz-steinburg.de\/index.php?rest_route=\/wp\/v2\/pages\/57\/revisions\/1433"}],"wp:attachment":[{"href":"https:\/\/tansania.rbz-steinburg.de\/index.php?rest_route=%2Fwp%2Fv2%2Fmedia&parent=57"}],"curies":[{"name":"wp","href":"https:\/\/api.w.org\/{rel}","templated":true}]}}