{"id":65,"date":"2017-06-01T11:27:14","date_gmt":"2017-06-01T09:27:14","guid":{"rendered":"http:\/\/tansaneua.rbz-steinburg.de\/?page_id=65"},"modified":"2026-04-29T12:39:36","modified_gmt":"2026-04-29T10:39:36","slug":"bne","status":"publish","type":"page","link":"https:\/\/tansania.rbz-steinburg.de\/?page_id=65","title":{"rendered":"BNE &#8211; Seminare"},"content":{"rendered":"\n<p><strong>Bildung f\u00fcr nachhaltige Entwicklung (BNE)<\/strong><\/p>\n\n\n\n<p>In Vorbereitung auf jede Projektreise f\u00fchren wir unsere sogenannten BNE- und Vorbereitungsseminare durch. Ziel dieser Seminare ist die nachhaltige Jungendbildung im Sinne der F\u00f6rderung der Erziehung und Bildung unserer Vereinsmitglieder.<\/p>\n\n\n\n<p>Die Ergebnisse dieser Seminare sind im unter dem Dropdownmen\u00fcs &#8222;BNE-Seminare&#8220; und &#8222;BNE-Videos&#8220; zu finden.<\/p>\n\n\n\n<p><\/p>\n\n\n\n<h4 class=\"wp-block-heading\">Warum wir BNE f\u00fcr wichtig erachten:<\/h4>\n\n\n\n<p>Das Handeln der Menschen hat Konsequenzen f\u00fcr das Individuum, sein Umfeld und auf Andere.<\/p>\n\n\n\n<p>Daher wollen wir unseren Sch\u00fclerinnen und Sch\u00fclern nachhaltiges Denken und Handeln vermitteln. Sie sollen in die Lage versetzt werden, ihre heutigen Entscheidungen und Handlungen auf ihr Wirken in der Zukunft abzusch\u00e4tzen.<\/p>\n\n\n\n<p>Unsere Sch\u00fclerinnen und Sch\u00fcler werden f\u00fcr globale Zusammenh\u00e4nge und Herausforderungen sensibilisiert und thematisieren Ursachen f\u00fcr komplexe wirtschaftliche, \u00f6kologische und soziale Probleme. Weiter werden wichtige Kompetenzen wie eigenst\u00e4ndiges Handeln, interdisziplin\u00e4res Wissen und Partizipation an gesellschaftlichen Entscheidungsprozessen zur Gestaltung der Zukunft gef\u00f6rdert.<\/p>\n\n\n\n<p>Unsere Sch\u00fclerinnen und Sch\u00fcler werden dazu angehalten,<\/p>\n\n\n\n<ul class=\"wp-block-list\">\n<li>vorausschauend zu denken,<\/li>\n\n\n\n<li>weltoffen zu sein,<\/li>\n\n\n\n<li>Einf\u00fchlungsverm\u00f6gen f\u00fcr andere Kulturen zu entwickeln,<\/li>\n\n\n\n<li>sich sozial zu engagieren und<\/li>\n\n\n\n<li>solidarisch zu handeln.<\/li>\n<\/ul>\n\n\n\n<p>Der Verein wurde f\u00fcr seine Arbeit hier und inTansania durch die Deutsche UNESCO-Kommission e.V. als Projekte der UN-Dekade \u201eBildung f\u00fcr nachhaltige Entwicklung\u201c ausgezeichnet.<\/p>\n\n\n\n<h5 class=\"wp-block-heading\">Flugreisen und Nachhaltigkeit:<\/h5>\n\n\n\n<p>Zudem m\u00f6chten wir auf folgende Erkl\u00e4rung des Vereins verweisen:<\/p>\n\n\n\n<p><a href=\"http:\/\/tansania.rbz-steinburg.de\/?page_id=959\">Nachhaltigkeitsprojekte und Fliegen, wie passt das zusammen?<\/a><\/p>\n","protected":false},"excerpt":{"rendered":"<p>Bildung f\u00fcr nachhaltige Entwicklung (BNE) In Vorbereitung auf jede Projektreise f\u00fchren wir unsere sogenannten BNE- und Vorbereitungsseminare durch. Ziel dieser Seminare ist die nachhaltige Jungendbildung im Sinne der F\u00f6rderung der Erziehung und Bildung unserer Vereinsmitglieder. Die Ergebnisse dieser Seminare sind im unter dem Dropdownmen\u00fcs &#8222;BNE-Seminare&#8220; und &#8222;BNE-Videos&#8220; zu finden. Warum wir BNE f\u00fcr wichtig erachten: &hellip; <a href=\"https:\/\/tansania.rbz-steinburg.de\/?page_id=65\" class=\"more-link\"><span class=\"screen-reader-text\">BNE &#8211; Seminare<\/span> weiterlesen <span class=\"meta-nav\">&rarr;<\/span><\/a><\/p>\n","protected":false},"author":1,"featured_media":0,"parent":0,"menu_order":0,"comment_status":"closed","ping_status":"closed","template":"","meta":{"footnotes":""},"class_list":["post-65","page","type-page","status-publish","hentry"],"_links":{"self":[{"href":"https:\/\/tansania.rbz-steinburg.de\/index.php?rest_route=\/wp\/v2\/pages\/65","targetHints":{"allow":["GET"]}}],"collection":[{"href":"https:\/\/tansania.rbz-steinburg.de\/index.php?rest_route=\/wp\/v2\/pages"}],"about":[{"href":"https:\/\/tansania.rbz-steinburg.de\/index.php?rest_route=\/wp\/v2\/types\/page"}],"author":[{"embeddable":true,"href":"https:\/\/tansania.rbz-steinburg.de\/index.php?rest_route=\/wp\/v2\/users\/1"}],"replies":[{"embeddable":true,"href":"https:\/\/tansania.rbz-steinburg.de\/index.php?rest_route=%2Fwp%2Fv2%2Fcomments&post=65"}],"version-history":[{"count":14,"href":"https:\/\/tansania.rbz-steinburg.de\/index.php?rest_route=\/wp\/v2\/pages\/65\/revisions"}],"predecessor-version":[{"id":1529,"href":"https:\/\/tansania.rbz-steinburg.de\/index.php?rest_route=\/wp\/v2\/pages\/65\/revisions\/1529"}],"wp:attachment":[{"href":"https:\/\/tansania.rbz-steinburg.de\/index.php?rest_route=%2Fwp%2Fv2%2Fmedia&parent=65"}],"curies":[{"name":"wp","href":"https:\/\/api.w.org\/{rel}","templated":true}]}}