{"id":824,"date":"2020-03-17T08:57:16","date_gmt":"2020-03-17T07:57:16","guid":{"rendered":"http:\/\/tansania.rbz-steinburg.de\/?page_id=824"},"modified":"2025-11-25T19:51:53","modified_gmt":"2025-11-25T18:51:53","slug":"kiumo","status":"publish","type":"page","link":"https:\/\/tansania.rbz-steinburg.de\/?page_id=824","title":{"rendered":"Kiumo"},"content":{"rendered":"\n<p>Das Kiumo Vocational Training Center<\/p>\n\n\n<div class=\"wp-block-image\">\n<figure class=\"aligncenter\"><img loading=\"lazy\" decoding=\"async\" width=\"1024\" height=\"683\" src=\"http:\/\/tansania.rbz-steinburg.de\/wp-content\/uploads\/2020\/03\/DSC05483-1024x683.jpg\" alt=\"\" class=\"wp-image-825\" srcset=\"https:\/\/tansania.rbz-steinburg.de\/wp-content\/uploads\/2020\/03\/DSC05483-1024x683.jpg 1024w, https:\/\/tansania.rbz-steinburg.de\/wp-content\/uploads\/2020\/03\/DSC05483-300x200.jpg 300w, https:\/\/tansania.rbz-steinburg.de\/wp-content\/uploads\/2020\/03\/DSC05483-768x512.jpg 768w\" sizes=\"auto, (max-width: 1024px) 100vw, 1024px\" \/><\/figure>\n<\/div>\n\n\n<p>Nur wenige Minuten von der Kiumako&nbsp;Secondary&nbsp;School entfern liegt das Kiumo Vocational Training Center. Auf unserer Reise 2020 haben wir erstmals dort ein Projekt umgesetzt. An dieser berufsbildenden Schule werden N\u00e4herinnen, Tischler und B\u00fcrokr\u00e4fte ausgebildet. Die Schule befand sich gerade in einem gr\u00f6\u00dferen Umbau, es wurde ein weiteres Schulgeb\u00e4ude durch die Unterst\u00fctzung der Kirchengemeinde Heikendorf errichtet, indem in Zukunft Schwei\u00dfer und&nbsp; Zweiradmechaniker ausgebildet werden sollen. Zwei sehr sinnvolle Berufsbilder gemessen an den unz\u00e4hligen Motorr\u00e4dern auf den Stra\u00dfen in Mwika und Umgebung, die f\u00fcr s\u00e4mtliche Erledigungen des allt\u00e4glichen Lebens von Personenbef\u00f6rderung bis hin zum Transport von Bananenstauden genutzt werden.<\/p>\n\n\n\n<h2 class=\"wp-block-heading\">Projekt 2020<\/h2>\n\n\n\n<p>Auf unserer Projektreise 2020 haben wir den Schulleiter des Kiumo  kennengelernt und eine gemeinsame Zusammenarbeit f\u00fcr die Zukunft beschlossen. Wir freuen uns darauf dem Kiumo VTC mit Know How und Manpower f\u00fcr neue Projekte zur Seite zu stehen. W\u00e4hrend der Projektreise 2020 haben wir eine Solaranlage auf der Schule errichtet, um den Schulbetrieb dort, genau wie auf der Kiumako w\u00e4hrend der zahlreichen Stromausf\u00e4lle aufrecht zu erhalten. Au\u00dferdem gab es jede Menge Instandsetzungsarbeiten in der Tischlerei und der N\u00e4herei, die wir w\u00e4hrend unserer zeit in Mwika, erledigt haben.<\/p>\n\n\n\n<p>Die dort zu erlangende Ausbildung bietet eine gute berufliche Perspektive f\u00fcr junge\u00a0Menschen in der Region. Die handwerklichen F\u00e4higkeiten der Auszubildenden sind hervorragend, besonders gemessen an den Werkzeugen mit denen dort gearbeitet wird. Das Schulsystem in Tansania funktioniert anders als bei uns in Deutschland und die berufliche Ausbildung bietet gerade f\u00fcr junge Menschen, die in der normalen Schullaufbahn Probleme haben ein Chance. <\/p>\n\n\n\n<p>Uns schwebt ein weiterer beruflicher Zweig\u00a0am VTC vor, der sich als zukunftsweisende Berufsausbildung etablieren lassen w\u00fcrde.\u00a0Der Beruf des\u00a0 Solartechnikers. Das Interesse an dieser Ausbildung ist gro\u00df und die Schulleitung  war zuversichtlich dieses Projekt gemeinsam mit uns umzusetzen. Die autarke Stromversorgung ist ein aufkommender Trend in Tansania ist,\u00a0und bietet eine nachhaltige und sichere\u00a0Existenzgrundlage f\u00fcr junge Menschen und deren Familien. Wir w\u00fcrden uns freuen einen Beitrag dazu leisten zu k\u00f6nnen. Dar\u00fcberhinaus k\u00f6nnen wir als Berufssch\u00fcler und Berfusschullehrer unser wissen aus Unterrichtspraxis und Schulentwicklung einflie\u00dfen lassen um eine hochwertige, moderne Ausbildung in diesem Bereich zu etablieren. Der Bau der Solaranlage war neben der autarken Stromversorgung ein erster Schritt in diese Richtung, denn diese k\u00f6nnte zuk\u00fcnftig als Lerntr\u00e4ger und Anschauungsobjekt genutzt werden.<\/p>\n\n\n\n<h2 class=\"wp-block-heading\"><\/h2>\n\n\n\n<figure class=\"wp-block-image size-large\"><img loading=\"lazy\" decoding=\"async\" width=\"1024\" height=\"683\" src=\"http:\/\/tansania.rbz-steinburg.de\/wp-content\/uploads\/2021\/12\/DSC04784-1024x683.jpg\" alt=\"\" class=\"wp-image-982\" srcset=\"https:\/\/tansania.rbz-steinburg.de\/wp-content\/uploads\/2021\/12\/DSC04784-1024x683.jpg 1024w, https:\/\/tansania.rbz-steinburg.de\/wp-content\/uploads\/2021\/12\/DSC04784-300x200.jpg 300w, https:\/\/tansania.rbz-steinburg.de\/wp-content\/uploads\/2021\/12\/DSC04784-768x512.jpg 768w, https:\/\/tansania.rbz-steinburg.de\/wp-content\/uploads\/2021\/12\/DSC04784-1536x1024.jpg 1536w, https:\/\/tansania.rbz-steinburg.de\/wp-content\/uploads\/2021\/12\/DSC04784-2048x1365.jpg 2048w\" sizes=\"auto, (max-width: 1024px) 100vw, 1024px\" \/><\/figure>\n\n\n<div class=\"wp-block-image\">\n<figure class=\"aligncenter is-resized\"><img loading=\"lazy\" decoding=\"async\" width=\"300\" height=\"169\" src=\"http:\/\/tansania.rbz-steinburg.de\/wp-content\/uploads\/2020\/03\/DSC06170-1-300x169.jpg\" alt=\"\" class=\"wp-image-891\" style=\"width:587px;height:331px\" srcset=\"https:\/\/tansania.rbz-steinburg.de\/wp-content\/uploads\/2020\/03\/DSC06170-1-300x169.jpg 300w, https:\/\/tansania.rbz-steinburg.de\/wp-content\/uploads\/2020\/03\/DSC06170-1-768x432.jpg 768w, https:\/\/tansania.rbz-steinburg.de\/wp-content\/uploads\/2020\/03\/DSC06170-1-1024x576.jpg 1024w\" sizes=\"auto, (max-width: 300px) 100vw, 300px\" \/><\/figure>\n<\/div>\n\n<div class=\"wp-block-image\">\n<figure class=\"aligncenter is-resized\"><img loading=\"lazy\" decoding=\"async\" width=\"300\" height=\"200\" src=\"http:\/\/tansania.rbz-steinburg.de\/wp-content\/uploads\/2020\/03\/DSC04787-300x200.jpg\" alt=\"\" class=\"wp-image-892\" style=\"width:585px;height:390px\" srcset=\"https:\/\/tansania.rbz-steinburg.de\/wp-content\/uploads\/2020\/03\/DSC04787-300x200.jpg 300w, https:\/\/tansania.rbz-steinburg.de\/wp-content\/uploads\/2020\/03\/DSC04787-768x512.jpg 768w, https:\/\/tansania.rbz-steinburg.de\/wp-content\/uploads\/2020\/03\/DSC04787-1024x683.jpg 1024w\" sizes=\"auto, (max-width: 300px) 100vw, 300px\" \/><\/figure>\n<\/div>\n\n<div class=\"wp-block-image\">\n<figure class=\"aligncenter is-resized\"><img loading=\"lazy\" decoding=\"async\" width=\"300\" height=\"169\" src=\"http:\/\/tansania.rbz-steinburg.de\/wp-content\/uploads\/2020\/03\/DSC06157-300x169.jpg\" alt=\"\" class=\"wp-image-893\" style=\"width:582px;height:327px\" srcset=\"https:\/\/tansania.rbz-steinburg.de\/wp-content\/uploads\/2020\/03\/DSC06157-300x169.jpg 300w, https:\/\/tansania.rbz-steinburg.de\/wp-content\/uploads\/2020\/03\/DSC06157-768x432.jpg 768w, https:\/\/tansania.rbz-steinburg.de\/wp-content\/uploads\/2020\/03\/DSC06157-1024x576.jpg 1024w\" sizes=\"auto, (max-width: 300px) 100vw, 300px\" \/><\/figure>\n<\/div>\n\n<div class=\"wp-block-image\">\n<figure class=\"aligncenter is-resized\"><img loading=\"lazy\" decoding=\"async\" width=\"300\" height=\"200\" src=\"http:\/\/tansania.rbz-steinburg.de\/wp-content\/uploads\/2020\/03\/DSC05467-300x200.jpg\" alt=\"\" class=\"wp-image-879\" style=\"width:583px;height:389px\" srcset=\"https:\/\/tansania.rbz-steinburg.de\/wp-content\/uploads\/2020\/03\/DSC05467-300x200.jpg 300w, https:\/\/tansania.rbz-steinburg.de\/wp-content\/uploads\/2020\/03\/DSC05467-768x512.jpg 768w, https:\/\/tansania.rbz-steinburg.de\/wp-content\/uploads\/2020\/03\/DSC05467-1024x683.jpg 1024w\" sizes=\"auto, (max-width: 300px) 100vw, 300px\" \/><\/figure>\n<\/div>\n\n<div class=\"wp-block-image\">\n<figure class=\"aligncenter is-resized\"><img loading=\"lazy\" decoding=\"async\" width=\"300\" height=\"200\" src=\"http:\/\/tansania.rbz-steinburg.de\/wp-content\/uploads\/2020\/03\/DSC05199-300x200.jpg\" alt=\"\" class=\"wp-image-799\" style=\"width:583px;height:389px\" srcset=\"https:\/\/tansania.rbz-steinburg.de\/wp-content\/uploads\/2020\/03\/DSC05199-300x200.jpg 300w, https:\/\/tansania.rbz-steinburg.de\/wp-content\/uploads\/2020\/03\/DSC05199-768x512.jpg 768w, https:\/\/tansania.rbz-steinburg.de\/wp-content\/uploads\/2020\/03\/DSC05199-1024x683.jpg 1024w\" sizes=\"auto, (max-width: 300px) 100vw, 300px\" \/><\/figure>\n<\/div>\n\n<div class=\"wp-block-image\">\n<figure class=\"aligncenter is-resized\"><img loading=\"lazy\" decoding=\"async\" width=\"225\" height=\"300\" src=\"http:\/\/tansania.rbz-steinburg.de\/wp-content\/uploads\/2020\/03\/P1020956-225x300.jpg\" alt=\"\" class=\"wp-image-897\" style=\"width:385px;height:513px\" srcset=\"https:\/\/tansania.rbz-steinburg.de\/wp-content\/uploads\/2020\/03\/P1020956-225x300.jpg 225w, https:\/\/tansania.rbz-steinburg.de\/wp-content\/uploads\/2020\/03\/P1020956-768x1023.jpg 768w, https:\/\/tansania.rbz-steinburg.de\/wp-content\/uploads\/2020\/03\/P1020956-769x1024.jpg 769w\" sizes=\"auto, (max-width: 225px) 100vw, 225px\" \/><\/figure>\n<\/div>\n\n\n<h2 class=\"wp-block-heading\">Projekt 2023 &#8211; Der Solartechniker<\/h2>\n\n\n\n<p>Das angestrebte Ziel eine Solartechniker-Ausbildung zu etablieren wurde auf der Projektreise 2023 umgesetzt. Es wurden dazu Lerntr\u00e4ger zu, erlernen von einfachen Solaranlagen sowie weiteres Unterrichtsmaterial gemeinsam mit der Lehrkraft vor Ort erprobt. Der Einsatz der Lehrmittel erfolgt im Rahmen der Elektriker-Ausbildung und soll dazu bef\u00e4higen einfache Micro-PV-Anlagen zu installieren.<\/p>\n\n\n\n<figure class=\"wp-block-image size-large\"><img loading=\"lazy\" decoding=\"async\" width=\"1024\" height=\"768\" src=\"http:\/\/tansania.rbz-steinburg.de\/wp-content\/uploads\/2023\/11\/20230210_180451-1024x768.jpg\" alt=\"\" class=\"wp-image-1214\" srcset=\"https:\/\/tansania.rbz-steinburg.de\/wp-content\/uploads\/2023\/11\/20230210_180451-1024x768.jpg 1024w, https:\/\/tansania.rbz-steinburg.de\/wp-content\/uploads\/2023\/11\/20230210_180451-300x225.jpg 300w, https:\/\/tansania.rbz-steinburg.de\/wp-content\/uploads\/2023\/11\/20230210_180451-768x576.jpg 768w, https:\/\/tansania.rbz-steinburg.de\/wp-content\/uploads\/2023\/11\/20230210_180451-1536x1152.jpg 1536w, https:\/\/tansania.rbz-steinburg.de\/wp-content\/uploads\/2023\/11\/20230210_180451-2048x1536.jpg 2048w\" sizes=\"auto, (max-width: 1024px) 100vw, 1024px\" \/><figcaption class=\"wp-element-caption\">Der Klassenraum wurde f\u00fcr Brettmontagen ausger\u00fcstet und mit Material ausgestattet.<\/figcaption><\/figure>\n\n\n\n<figure class=\"wp-block-image size-large\"><img loading=\"lazy\" decoding=\"async\" width=\"768\" height=\"1024\" src=\"http:\/\/tansania.rbz-steinburg.de\/wp-content\/uploads\/2023\/11\/20230210_164908-768x1024.jpg\" alt=\"\" class=\"wp-image-1210\" srcset=\"https:\/\/tansania.rbz-steinburg.de\/wp-content\/uploads\/2023\/11\/20230210_164908-768x1024.jpg 768w, https:\/\/tansania.rbz-steinburg.de\/wp-content\/uploads\/2023\/11\/20230210_164908-225x300.jpg 225w, https:\/\/tansania.rbz-steinburg.de\/wp-content\/uploads\/2023\/11\/20230210_164908-1152x1536.jpg 1152w, https:\/\/tansania.rbz-steinburg.de\/wp-content\/uploads\/2023\/11\/20230210_164908-1536x2048.jpg 1536w, https:\/\/tansania.rbz-steinburg.de\/wp-content\/uploads\/2023\/11\/20230210_164908-scaled.jpg 1920w\" sizes=\"auto, (max-width: 768px) 100vw, 768px\" \/><figcaption class=\"wp-element-caption\">Konstruktion und Wissensaustausch<\/figcaption><\/figure>\n\n\n\n<figure class=\"wp-block-image size-large\"><img loading=\"lazy\" decoding=\"async\" width=\"1024\" height=\"768\" src=\"http:\/\/tansania.rbz-steinburg.de\/wp-content\/uploads\/2023\/11\/Bild-Solarlerntraeger-1024x768.jpg\" alt=\"\" class=\"wp-image-1208\" srcset=\"https:\/\/tansania.rbz-steinburg.de\/wp-content\/uploads\/2023\/11\/Bild-Solarlerntraeger-1024x768.jpg 1024w, https:\/\/tansania.rbz-steinburg.de\/wp-content\/uploads\/2023\/11\/Bild-Solarlerntraeger-300x225.jpg 300w, https:\/\/tansania.rbz-steinburg.de\/wp-content\/uploads\/2023\/11\/Bild-Solarlerntraeger-768x576.jpg 768w, https:\/\/tansania.rbz-steinburg.de\/wp-content\/uploads\/2023\/11\/Bild-Solarlerntraeger-1536x1152.jpg 1536w, https:\/\/tansania.rbz-steinburg.de\/wp-content\/uploads\/2023\/11\/Bild-Solarlerntraeger-2048x1536.jpg 2048w\" sizes=\"auto, (max-width: 1024px) 100vw, 1024px\" \/><figcaption class=\"wp-element-caption\">Solarlerntr\u00e4ger f\u00fcr die Elektriker Ausbildung<\/figcaption><\/figure>\n\n\n\n<p><\/p>\n\n\n\n<h2 class=\"wp-block-heading\">Projekt 2025 &#8211; Wissensaustausch<\/h2>\n\n\n\n<p>Auf der Projektreise 2025 ist unser Einsatz an dem Kiumo VTC etwas geringer ausgefallen. Dennoch haben wir uns das Arbeiten in der Elektro-Werkstatt angesehen und uns fachlich \u00fcber den Unterricht ausgetauscht. Dennis durfte zudem Elektrotechnik unterrichten und hat w\u00e4hrend des fachpraktischen Unterrichts hospitiert. Au\u00dferdem haben wir bei der Konstruktion von Projektmaterialien mit Metall- und Holzwerkstatt zusammengearbeitet.<\/p>\n\n\n\n<figure class=\"wp-block-image size-large\"><img loading=\"lazy\" decoding=\"async\" width=\"1024\" height=\"769\" src=\"http:\/\/tansania.rbz-steinburg.de\/wp-content\/uploads\/2025\/11\/PXL_20250213_110132803-1024x769.jpg\" alt=\"\" class=\"wp-image-1485\" srcset=\"https:\/\/tansania.rbz-steinburg.de\/wp-content\/uploads\/2025\/11\/PXL_20250213_110132803-1024x769.jpg 1024w, https:\/\/tansania.rbz-steinburg.de\/wp-content\/uploads\/2025\/11\/PXL_20250213_110132803-300x225.jpg 300w, https:\/\/tansania.rbz-steinburg.de\/wp-content\/uploads\/2025\/11\/PXL_20250213_110132803-768x577.jpg 768w, https:\/\/tansania.rbz-steinburg.de\/wp-content\/uploads\/2025\/11\/PXL_20250213_110132803-1536x1153.jpg 1536w, https:\/\/tansania.rbz-steinburg.de\/wp-content\/uploads\/2025\/11\/PXL_20250213_110132803-2048x1538.jpg 2048w\" sizes=\"auto, (max-width: 1024px) 100vw, 1024px\" \/><\/figure>\n\n\n\n<figure class=\"wp-block-image size-large\"><img loading=\"lazy\" decoding=\"async\" width=\"1024\" height=\"769\" src=\"http:\/\/tansania.rbz-steinburg.de\/wp-content\/uploads\/2025\/11\/PXL_20250213_110005099.MP_-1024x769.jpg\" alt=\"\" class=\"wp-image-1486\" srcset=\"https:\/\/tansania.rbz-steinburg.de\/wp-content\/uploads\/2025\/11\/PXL_20250213_110005099.MP_-1024x769.jpg 1024w, https:\/\/tansania.rbz-steinburg.de\/wp-content\/uploads\/2025\/11\/PXL_20250213_110005099.MP_-300x225.jpg 300w, https:\/\/tansania.rbz-steinburg.de\/wp-content\/uploads\/2025\/11\/PXL_20250213_110005099.MP_-768x577.jpg 768w, https:\/\/tansania.rbz-steinburg.de\/wp-content\/uploads\/2025\/11\/PXL_20250213_110005099.MP_-1536x1153.jpg 1536w, https:\/\/tansania.rbz-steinburg.de\/wp-content\/uploads\/2025\/11\/PXL_20250213_110005099.MP_-2048x1538.jpg 2048w\" sizes=\"auto, (max-width: 1024px) 100vw, 1024px\" \/><\/figure>\n","protected":false},"excerpt":{"rendered":"<p>Das Kiumo Vocational Training Center Nur wenige Minuten von der Kiumako&nbsp;Secondary&nbsp;School entfern liegt das Kiumo Vocational Training Center. Auf unserer Reise 2020 haben wir erstmals dort ein Projekt umgesetzt. An dieser berufsbildenden Schule werden N\u00e4herinnen, Tischler und B\u00fcrokr\u00e4fte ausgebildet. Die Schule befand sich gerade in einem gr\u00f6\u00dferen Umbau, es wurde ein weiteres Schulgeb\u00e4ude durch die &hellip; <a href=\"https:\/\/tansania.rbz-steinburg.de\/?page_id=824\" class=\"more-link\"><span class=\"screen-reader-text\">Kiumo<\/span> weiterlesen <span class=\"meta-nav\">&rarr;<\/span><\/a><\/p>\n","protected":false},"author":2,"featured_media":825,"parent":0,"menu_order":0,"comment_status":"closed","ping_status":"closed","template":"","meta":{"footnotes":""},"class_list":["post-824","page","type-page","status-publish","has-post-thumbnail","hentry"],"_links":{"self":[{"href":"https:\/\/tansania.rbz-steinburg.de\/index.php?rest_route=\/wp\/v2\/pages\/824","targetHints":{"allow":["GET"]}}],"collection":[{"href":"https:\/\/tansania.rbz-steinburg.de\/index.php?rest_route=\/wp\/v2\/pages"}],"about":[{"href":"https:\/\/tansania.rbz-steinburg.de\/index.php?rest_route=\/wp\/v2\/types\/page"}],"author":[{"embeddable":true,"href":"https:\/\/tansania.rbz-steinburg.de\/index.php?rest_route=\/wp\/v2\/users\/2"}],"replies":[{"embeddable":true,"href":"https:\/\/tansania.rbz-steinburg.de\/index.php?rest_route=%2Fwp%2Fv2%2Fcomments&post=824"}],"version-history":[{"count":9,"href":"https:\/\/tansania.rbz-steinburg.de\/index.php?rest_route=\/wp\/v2\/pages\/824\/revisions"}],"predecessor-version":[{"id":1488,"href":"https:\/\/tansania.rbz-steinburg.de\/index.php?rest_route=\/wp\/v2\/pages\/824\/revisions\/1488"}],"wp:featuredmedia":[{"embeddable":true,"href":"https:\/\/tansania.rbz-steinburg.de\/index.php?rest_route=\/wp\/v2\/media\/825"}],"wp:attachment":[{"href":"https:\/\/tansania.rbz-steinburg.de\/index.php?rest_route=%2Fwp%2Fv2%2Fmedia&parent=824"}],"curies":[{"name":"wp","href":"https:\/\/api.w.org\/{rel}","templated":true}]}}