{"id":959,"date":"2021-09-30T09:26:28","date_gmt":"2021-09-30T07:26:28","guid":{"rendered":"http:\/\/tansania.rbz-steinburg.de\/?page_id=959"},"modified":"2026-04-29T12:42:57","modified_gmt":"2026-04-29T10:42:57","slug":"nachhaltigkeitsprojekte-und-fliegen","status":"publish","type":"page","link":"https:\/\/tansania.rbz-steinburg.de\/?page_id=959","title":{"rendered":"Nachhaltigkeitsprojekte und Fliegen?"},"content":{"rendered":"\n<h2 class=\"wp-block-heading\">Wie geht das \u00fcberhaupt?<\/h2>\n\n\n\n<p>Wir vom Verein Tansania \u2013 Zukunft durch Sonne e.V. stehen f\u00fcr Nachhaltigkeitsprojekte, Sch\u00fcler &#8211;&nbsp; bzw.<a><\/a> Jugendarbeit und Entwicklungshilfe.<\/p>\n\n\n\n<p>Wir unterst\u00fctzen auf unterschiedlichsten Wegen, wie zum Beispiel durch Installation einer Wasserzisterne, einer PV-Anlage oder sanit\u00e4ren Anlagen, aber auch durch eine Erste-Hilfe-Ausbildung f\u00fcr Sch\u00fclerinnen und Sch\u00fcler in Tansania. Zur Umsetzung dieser Unterst\u00fctzung fliegt der Verein alle zwei Jahre nach Tansania.<\/p>\n\n\n\n<p>Nun k\u00f6nnte man sich fragen, wieso fliegt man nach Tansania, wenn man gleichzeitig f\u00fcr Nachhaltigkeit steht? Genau das haben wir auch bei uns im Verein diskutiert.<\/p>\n\n\n\n<p>Wir sind zu dem Schluss gekommen, dass digitale Kommunikation nach Tansania nicht die pers\u00f6nlichen Kontakte ersetzen kann und sollte. Deswegen haben wir uns Gedanken gemacht, wie und ob wir die Flugreise mit unserem Gewissen vereinbaren k\u00f6nnen. Daher werden wir weiterhin einen CO<sub>2 <\/sub>&#8211; Ausgleich leisten. Dieser wird so eingesetzt, dass Projekte in Tansania gef\u00f6rdert werden.<\/p>\n\n\n\n<p>Zudem werden vor Ort B\u00e4ume in gemeinschaftlicher Arbeit mit den Sch\u00fclerinnen und Sch\u00fclern aus Tansania gepflanzt, allerdings geh\u00f6rt zum Pflanzen viel mehr als das einfach Einsetzen eines Samens. Denn ein Baum braucht Pflege, diese wird durch die Sch\u00fclerinnen und Sch\u00fcler aus Tansania durchgef\u00fchrt.<\/p>\n\n\n\n<p>Doch nicht nur durch aktives Arbeiten kann die Nachhaltigkeit ver\u00e4ndert werden. Uns ist es ein gro\u00dfes Anliegen, sowohl das Umweltbewusstsein, als auch das Bewusstsein f\u00fcr Nachhaltigkeit bei den Menschen vor Ort und auch bei den Sch\u00fclerinnen und Sch\u00fcler aus Deutschland zu st\u00e4rken. Hierf\u00fcr werden von uns Projekte wie z.B. Kochen ohne fossile Brennstoffe oder die Aufkl\u00e4rung \u00fcber regenerative Energien besonders gef\u00f6rdert.<\/p>\n\n\n\n<p>Durch die Projekte und die gemeinsamen Erfahrungen vor Ort, werden das Umweltbewusstsein und die Nachhaltigkeit effektiv gef\u00f6rdert. Dadurch erreichen wir, dass sowohl direkt als auch indirekt die CO<sub>2<\/sub>-Emissionf\u00fcr die unmittelbare Zukunft eingespart wird.<\/p>\n\n\n\n<figure class=\"wp-block-image size-large\"><img loading=\"lazy\" decoding=\"async\" width=\"1024\" height=\"683\" src=\"http:\/\/tansania.rbz-steinburg.de\/wp-content\/uploads\/2020\/03\/DSC05272-1024x683.jpg\" alt=\"\" class=\"wp-image-875\" srcset=\"https:\/\/tansania.rbz-steinburg.de\/wp-content\/uploads\/2020\/03\/DSC05272-1024x683.jpg 1024w, https:\/\/tansania.rbz-steinburg.de\/wp-content\/uploads\/2020\/03\/DSC05272-300x200.jpg 300w, https:\/\/tansania.rbz-steinburg.de\/wp-content\/uploads\/2020\/03\/DSC05272-768x512.jpg 768w\" sizes=\"auto, (max-width: 1024px) 100vw, 1024px\" \/><figcaption class=\"wp-element-caption\">Baumpflanzaktion 2020<\/figcaption><\/figure>\n\n\n\n<figure class=\"wp-block-image size-large\"><img loading=\"lazy\" decoding=\"async\" width=\"1024\" height=\"683\" src=\"http:\/\/tansania.rbz-steinburg.de\/wp-content\/uploads\/2020\/03\/DSC05303-1-1024x683.jpg\" alt=\"\" class=\"wp-image-877\" srcset=\"https:\/\/tansania.rbz-steinburg.de\/wp-content\/uploads\/2020\/03\/DSC05303-1-1024x683.jpg 1024w, https:\/\/tansania.rbz-steinburg.de\/wp-content\/uploads\/2020\/03\/DSC05303-1-300x200.jpg 300w, https:\/\/tansania.rbz-steinburg.de\/wp-content\/uploads\/2020\/03\/DSC05303-1-768x512.jpg 768w\" sizes=\"auto, (max-width: 1024px) 100vw, 1024px\" \/><figcaption class=\"wp-element-caption\">Baumpflanzaktion 2020<\/figcaption><\/figure>\n\n\n<div class=\"wp-block-image\">\n<figure class=\"aligncenter size-full\"><img loading=\"lazy\" decoding=\"async\" width=\"643\" height=\"409\" src=\"https:\/\/tansania.rbz-steinburg.de\/wp-content\/uploads\/2026\/04\/image-1.png\" alt=\"\" class=\"wp-image-1532\" srcset=\"https:\/\/tansania.rbz-steinburg.de\/wp-content\/uploads\/2026\/04\/image-1.png 643w, https:\/\/tansania.rbz-steinburg.de\/wp-content\/uploads\/2026\/04\/image-1-300x191.png 300w\" sizes=\"auto, (max-width: 643px) 100vw, 643px\" \/><\/figure>\n<\/div>","protected":false},"excerpt":{"rendered":"<p>Wie geht das \u00fcberhaupt? Wir vom Verein Tansania \u2013 Zukunft durch Sonne e.V. stehen f\u00fcr Nachhaltigkeitsprojekte, Sch\u00fcler &#8211;&nbsp; bzw. Jugendarbeit und Entwicklungshilfe. Wir unterst\u00fctzen auf unterschiedlichsten Wegen, wie zum Beispiel durch Installation einer Wasserzisterne, einer PV-Anlage oder sanit\u00e4ren Anlagen, aber auch durch eine Erste-Hilfe-Ausbildung f\u00fcr Sch\u00fclerinnen und Sch\u00fcler in Tansania. Zur Umsetzung dieser Unterst\u00fctzung fliegt &hellip; <a href=\"https:\/\/tansania.rbz-steinburg.de\/?page_id=959\" class=\"more-link\"><span class=\"screen-reader-text\">Nachhaltigkeitsprojekte und Fliegen?<\/span> weiterlesen <span class=\"meta-nav\">&rarr;<\/span><\/a><\/p>\n","protected":false},"author":2,"featured_media":0,"parent":0,"menu_order":0,"comment_status":"closed","ping_status":"closed","template":"","meta":{"footnotes":""},"class_list":["post-959","page","type-page","status-publish","hentry"],"_links":{"self":[{"href":"https:\/\/tansania.rbz-steinburg.de\/index.php?rest_route=\/wp\/v2\/pages\/959","targetHints":{"allow":["GET"]}}],"collection":[{"href":"https:\/\/tansania.rbz-steinburg.de\/index.php?rest_route=\/wp\/v2\/pages"}],"about":[{"href":"https:\/\/tansania.rbz-steinburg.de\/index.php?rest_route=\/wp\/v2\/types\/page"}],"author":[{"embeddable":true,"href":"https:\/\/tansania.rbz-steinburg.de\/index.php?rest_route=\/wp\/v2\/users\/2"}],"replies":[{"embeddable":true,"href":"https:\/\/tansania.rbz-steinburg.de\/index.php?rest_route=%2Fwp%2Fv2%2Fcomments&post=959"}],"version-history":[{"count":6,"href":"https:\/\/tansania.rbz-steinburg.de\/index.php?rest_route=\/wp\/v2\/pages\/959\/revisions"}],"predecessor-version":[{"id":1533,"href":"https:\/\/tansania.rbz-steinburg.de\/index.php?rest_route=\/wp\/v2\/pages\/959\/revisions\/1533"}],"wp:attachment":[{"href":"https:\/\/tansania.rbz-steinburg.de\/index.php?rest_route=%2Fwp%2Fv2%2Fmedia&parent=959"}],"curies":[{"name":"wp","href":"https:\/\/api.w.org\/{rel}","templated":true}]}}